{"id":37314,"date":"2026-05-03T05:01:32","date_gmt":"2026-05-03T05:01:32","guid":{"rendered":"https:\/\/hongvan194.id.vn\/?post_type=product&#038;p=37314"},"modified":"2026-05-03T05:01:32","modified_gmt":"2026-05-03T05:01:32","slug":"cay-luoi-ho-thai","status":"publish","type":"product","link":"https:\/\/hongvan194.id.vn\/?product=cay-luoi-ho-thai","title":{"rendered":"C\u00e2y L\u01b0\u1ee1i H\u1ed5 Th\u00e1i"},"content":{"rendered":"<p>Tr\u1ecdng l\u01b0\u1ee3ng: 1,2kg<\/p>\n<p>C\u00e2y L\u01b0\u1ee1i h\u1ed5 Th\u00e1i l\u00e0 lo\u1ea1i c\u00e2y m\u1ecdng n\u01b0\u1edbc,th\u00e2n th\u1ea3o, n\u1ed5i b\u1eadt v\u1edbi l\u00e1 d\u00e0y v\u00e0 c\u1ee9ng, v\u1eb1n xanh nh\u1ea1t v\u00e0 vi\u1ec1n v\u00e0ng \u00f3ng \u00e1nh. Chi\u1ec1u cao trung b\u00ecnh t\u1eeb 15-45 cm, nh\u1ecf g\u1ecdn, r\u1ea5t \u0111\u01b0\u1ee3c \u01b0a chu\u1ed9ng l\u00e0m c\u00e2y c\u1ea3nh \u0111\u1ec3 b\u00e0n, n\u1ed9i th\u1ea5t ho\u1eb7c b\u1ee5i trang tr\u00ed s\u00e2n v\u01b0\u1eddn. Lo\u00e0i n\u00e0y n\u1ed5i ti\u1ebfng v\u1edbi kh\u1ea3 n\u0103ng thanh l\u1ecdc kh\u00f4ng kh\u00ed, h\u1ea5p th\u1ee5 \u0111\u1ed9c t\u1ed1 v\u00e0o ban \u0111\u00eam v\u00e0 \u00fd ngh\u0129a phong th\u1ee7y chi\u00eau t\u00e0i l\u1ed9c.<\/p>\n<p><strong>M\u00f4 t\u1ea3 chi ti\u1ebft c\u00e2y L\u01b0\u1ee1i h\u1ed5 Th\u00e1i:<\/strong><\/p>\n<p><strong>\u0110\u1eb7c \u0111i\u1ec3m l\u00e1:<\/strong> L\u00e1 m\u1ecdc th\u1eb3ng t\u1eeb g\u1ed1c, h\u00ecnh d\u1ea3i, nh\u1ecdn \u1edf \u0111\u1ea7u, c\u1ee9ng c\u00e1p nh\u01b0ng kh\u00f4ng g\u00e2y \u0111\u1ee9t tay, m\u00e9p l\u00e1 c\u00f3 d\u1ea3i m\u00e0u v\u00e0ng \u0111\u1eb7c tr\u01b0ng k\u00e9o d\u00e0i t\u1eeb g\u1ed1c \u0111\u1ebfn ng\u1ecdn.<\/p>\n<p><strong>M\u00e0u s\u1eafc:<\/strong> M\u00e0u xanh \u0111\u1eadm xen l\u1eabn c\u00e1c s\u1ecdc ngang m\u00e0u xanh nh\u1ea1t ho\u1eb7c tr\u1eafng, vi\u1ec1n l\u00e1 m\u00e0u v\u00e0ng s\u00e1ng.<\/p>\n<p><strong>K\u00edch th\u01b0\u1edbc:<\/strong> Th\u01b0\u1eddng th\u1ea5p h\u01a1n gi\u1ed1ng l\u01b0\u1ee1i h\u1ed5 c\u1ecdp th\u00f4ng th\u01b0\u1eddng, cao kho\u1ea3ng 15-45 cm, b\u1ec1 r\u1ed9ng 2-6 cm, ph\u00f9 h\u1ee3p ch\u1eadu \u0111\u1ec3 b\u00e0n.<\/p>\n<p><strong>Hoa:<\/strong> Hoa nh\u1ecf, m\u00e0u tr\u1eafng ng\u00e0 ho\u1eb7c xanh nh\u1ea1t, m\u1ecdc th\u00e0nh c\u1ee5m, m\u1ec1m m\u1ea1i, th\u01b0\u1eddng n\u1edf v\u00e0o cu\u1ed1i thu ho\u1eb7c \u0111\u1ea7u \u0111\u00f4ng.<\/p>\n<p><strong>Sinh tr\u01b0\u1edfng:<\/strong> C\u00e2y s\u1ed1ng b\u1ec1n, ch\u1ecbu n\u00f3ng v\u00e0 h\u1ea1n r\u1ea5t t\u1ed1t, ph\u00e1t tri\u1ec3n t\u1ed1t \u1edf c\u1ea3 n\u01a1i \u00edt \u00e1nh s\u00e1ng.<\/p>\n<p><strong>\u00dd ngh\u0129a v\u00e0 \u1ee9ng d\u1ee5ng:<\/strong><\/p>\n<p><strong>Thanh l\u1ecdc kh\u00f4ng kh\u00ed:<\/strong> c\u00e2y h\u1ea5p th\u1ee5 c\u00e1c kh\u00ed \u0111\u1ed9c nh\u01b0 Formaldehyde, Nitrogen Oxide v\u00e0 nh\u1ea3 oxy v\u00e0o ban \u0111\u00eam, t\u1ed1t cho s\u1ee9c kh\u1ecfe.<\/p>\n<p><strong>Phong th\u1ee7y:<\/strong> T\u01b0\u1ee3ng tr\u01b0ng cho s\u1ef1 may m\u1eafn, t\u00e0i l\u1ed9c, gi\u00fap xua \u0111u\u1ed5i t\u00e0 kh\u00ed, ph\u00f9 h\u1ee3p cho ng\u01b0\u1eddi m\u1ec7nh Kim, M\u1ed9c.<\/p>\n<p><strong>Trang tr\u00ed:<\/strong> Th\u01b0\u1eddng \u0111\u1eb7t t\u1ea1i ph\u00f2ng kh\u00e1ch, v\u0103n ph\u00f2ng, ph\u00f2ng ng\u1ee7, b\u00e0n l\u00e0m vi\u1ec7c.<\/p>\n<p><strong>C\u00e1ch ch\u0103m s\u00f3c c\u01a1 b\u1ea3n:<\/strong><\/p>\n<p><strong>\u00c1nh s\u00e1ng:<\/strong> Th\u00edch nghi t\u1ed1t, c\u00f3 th\u1ec3 s\u1ed1ng n\u01a1i c\u00f3 \u00e1nh s\u00e1ng y\u1ebfu ho\u1eb7c n\u1eafng to\u00e0n ph\u1ea7n.<\/p>\n<p><strong>N\u01b0\u1edbc:<\/strong> H\u1ea1n ch\u1ebf t\u01b0\u1edbi, ch\u1ec9 t\u01b0\u1edbi khi \u0111\u1ea5t \u0111\u00e3 kh\u00f4 ho\u00e0n to\u00e0n \u0111\u1ec3 tr\u00e1nh \u00fang.<\/p>\n<p><strong>\u0110\u1ea5t:<\/strong> \u01afa \u0111\u1ea5t t\u01a1i x\u1ed1p, tho\u00e1t n\u01b0\u1edbc t\u1ed1t (\u0111\u1ea5t pha c\u00e1t ho\u1eb7c \u0111\u1ea5t c\u00f3 \u0111\u1ed9 ki\u1ec1m cao)<\/p>\n","protected":false},"excerpt":{"rendered":"<p>Chi\u1ec1u cao trung b\u00ecnh t\u1eeb 15-45 cm, nh\u1ecf g\u1ecdn, r\u1ea5t \u0111\u01b0\u1ee3c \u01b0a chu\u1ed9ng l\u00e0m c\u00e2y c\u1ea3nh \u0111\u1ec3 b\u00e0n, n\u1ed9i th\u1ea5t ho\u1eb7c trang tr\u00ed v\u0103n ph\u00f2ng<\/p>\n","protected":false},"featured_media":37312,"comment_status":"open","ping_status":"closed","template":"","meta":{"content-type":""},"product_brand":[],"product_cat":[143],"product_tag":[149,146,243],"class_list":{"0":"post-37314","1":"product","2":"type-product","3":"status-publish","4":"has-post-thumbnail","6":"product_cat-cay-van-phong","7":"product_tag-cay-loc-khong-khi","8":"product_tag-cay-van-phong","9":"product_tag-luoi-ho","11":"first","12":"instock","13":"shipping-taxable","14":"purchasable","15":"product-type-simple"},"_links":{"self":[{"href":"https:\/\/hongvan194.id.vn\/index.php?rest_route=\/wp\/v2\/product\/37314","targetHints":{"allow":["GET"]}}],"collection":[{"href":"https:\/\/hongvan194.id.vn\/index.php?rest_route=\/wp\/v2\/product"}],"about":[{"href":"https:\/\/hongvan194.id.vn\/index.php?rest_route=\/wp\/v2\/types\/product"}],"replies":[{"embeddable":true,"href":"https:\/\/hongvan194.id.vn\/index.php?rest_route=%2Fwp%2Fv2%2Fcomments&post=37314"}],"version-history":[{"count":2,"href":"https:\/\/hongvan194.id.vn\/index.php?rest_route=\/wp\/v2\/product\/37314\/revisions"}],"predecessor-version":[{"id":37316,"href":"https:\/\/hongvan194.id.vn\/index.php?rest_route=\/wp\/v2\/product\/37314\/revisions\/37316"}],"wp:featuredmedia":[{"embeddable":true,"href":"https:\/\/hongvan194.id.vn\/index.php?rest_route=\/wp\/v2\/media\/37312"}],"wp:attachment":[{"href":"https:\/\/hongvan194.id.vn\/index.php?rest_route=%2Fwp%2Fv2%2Fmedia&parent=37314"}],"wp:term":[{"taxonomy":"product_brand","embeddable":true,"href":"https:\/\/hongvan194.id.vn\/index.php?rest_route=%2Fwp%2Fv2%2Fproduct_brand&post=37314"},{"taxonomy":"product_cat","embeddable":true,"href":"https:\/\/hongvan194.id.vn\/index.php?rest_route=%2Fwp%2Fv2%2Fproduct_cat&post=37314"},{"taxonomy":"product_tag","embeddable":true,"href":"https:\/\/hongvan194.id.vn\/index.php?rest_route=%2Fwp%2Fv2%2Fproduct_tag&post=37314"}],"curies":[{"name":"wp","href":"https:\/\/api.w.org\/{rel}","templated":true}]}}