{"id":37262,"date":"2026-05-02T16:13:29","date_gmt":"2026-05-02T16:13:29","guid":{"rendered":"https:\/\/hongvan194.id.vn\/?post_type=product&#038;p=37262"},"modified":"2026-05-02T16:13:29","modified_gmt":"2026-05-02T16:13:29","slug":"cay-sen-da-phat-ba","status":"publish","type":"product","link":"https:\/\/hongvan194.id.vn\/?product=cay-sen-da-phat-ba","title":{"rendered":"C\u00e2y Sen \u0110\u00e1 Ph\u1eadt B\u00e0"},"content":{"rendered":"<p>Tr\u1ecdng l\u01b0\u1ee3ng: 0.5kg<\/p>\n<p>Sen \u0111\u00e1 Ph\u1eadt B\u00e0 l\u00e0 <mark class=\"HxTRcb\" data-sfc-root=\"c\" data-wiz-uids=\"TeKKTd_10\" data-sfc-cb=\"\" data-copy-service-computed-style=\"font-family: &quot;Google Sans&quot;, Arial, sans-serif; font-size: 16px; font-weight: 500; margin: 0px; text-decoration: none; border-bottom: 0px rgb(238, 240, 255);\"><!--qkimaf TeKKTd_z\/HugV6--><!--cqw1tb TeKKTd_z\/HugV6-->lo\u00e0i c\u00e2y m\u1ecdng n\u01b0\u1edbc nh\u1ecf, l\u00e1 xanh nh\u1ecdn \u0111\u1ea7u vi\u1ec1n \u0111\u1ecf\/t\u00edm, s\u1eafp x\u1ebfp th\u00e0nh h\u00ecnh hoa sen, mang l\u1ea1i s\u1ef1 b\u00ecnh an, may m\u1eafn v\u00e0 t\u00e0i l\u1ed9c theo phong th\u1ee7y<!--TgQPHd|[]--><\/mark>. C\u00e2y d\u1ec5 ch\u0103m s\u00f3c, ch\u1ecbu h\u1ea1n t\u1ed1t, ph\u00f9 h\u1ee3p trang tr\u00ed b\u00e0n l\u00e0m vi\u1ec7c.\u00a0<!--TgQPHd|[]--><\/p>\n<p><strong>\u0110\u1eb7c \u0111i\u1ec3m n\u1ed5i b\u1eadt:<\/strong><\/p>\n<div class=\"\" data-bfc=\"\" data-ved=\"2ahUKEwiez_W5_pqUAxXag2MGHaqaLBsQi4wTegYIAQgAEBI\" data-copy-service-computed-style=\"font-family: &quot;Google Sans&quot;, Arial, sans-serif; font-size: 16px; font-weight: 400; margin: 0px; text-decoration: none; border-bottom: 0px rgb(230, 232, 240);\">\n<div class=\"n6owBd awi2gc\" data-sfc-cp=\"\" data-sfc-root=\"c\" data-sfc-cb=\"\" data-hveid=\"CAEIABAT\" data-copy-service-computed-style=\"font-family: &quot;Google Sans&quot;, Arial, sans-serif; font-size: 16px; font-weight: 400; margin: 12px 0px 16px; text-decoration: none; border-bottom: 0px rgb(230, 232, 240);\">H\u00ecnh d\u00e1ng: L\u00e1 s\u1eafp x\u1ebfp t\u1ea7ng t\u1ea7ng l\u1edbp l\u1edbp, \u0111\u1ea7u l\u00e1 c\u00f3 l\u00f4ng t\u01a1 m\u1ecbn.<\/div>\n<div class=\"n6owBd awi2gc\" data-sfc-cp=\"\" data-sfc-root=\"c\" data-sfc-cb=\"\" data-hveid=\"CAEIABAT\" data-copy-service-computed-style=\"font-family: &quot;Google Sans&quot;, Arial, sans-serif; font-size: 16px; font-weight: 400; margin: 12px 0px 16px; text-decoration: none; border-bottom: 0px rgb(230, 232, 240);\">M\u00e0u s\u1eafc: Xanh ch\u1ee7 \u0111\u1ea1o, \u0111\u1ea7u l\u00e1 chuy\u1ec3n m\u00e0u \u0111\u1ecf t\u00eda ho\u1eb7c t\u00edm khi \u0111\u1ee7 \u00e1nh s\u00e1ng.<\/div>\n<div class=\"n6owBd awi2gc\" data-sfc-cp=\"\" data-sfc-root=\"c\" data-sfc-cb=\"\" data-hveid=\"CAEIABAT\" data-copy-service-computed-style=\"font-family: &quot;Google Sans&quot;, Arial, sans-serif; font-size: 16px; font-weight: 400; margin: 12px 0px 16px; text-decoration: none; border-bottom: 0px rgb(230, 232, 240);\">S\u1ee9c s\u1ed1ng: R\u1ea5t kh\u1ecfe, m\u1ecdc th\u00e0nh c\u1ee5m, d\u1ec5 sinh c\u00e2y con.<\/div>\n<div class=\"n6owBd awi2gc\" data-sfc-cp=\"\" data-sfc-root=\"c\" data-sfc-cb=\"\" data-hveid=\"CAEIABAT\" data-copy-service-computed-style=\"font-family: &quot;Google Sans&quot;, Arial, sans-serif; font-size: 16px; font-weight: 400; margin: 12px 0px 16px; text-decoration: none; border-bottom: 0px rgb(230, 232, 240);\"><span class=\"T286Pc\" data-sfc-cp=\"\" data-sfc-root=\"c\" data-sfc-cb=\"\" data-copy-service-computed-style=\"font-family: &quot;Google Sans&quot;, Arial, sans-serif; font-size: 16px; font-weight: 400; margin: 0px; text-decoration: none; border-bottom: 0px rgb(230, 232, 240);\">\u00dd ngh\u0129a: T\u01b0\u1ee3ng tr\u01b0ng cho t\u00ecnh y\u00eau b\u1ec1n ch\u1eb7t, \u00fd ch\u00ed ki\u00ean c\u01b0\u1eddng (th\u01b0\u1eddng \u0111\u01b0\u1ee3c v\u00ed nh\u01b0 t\u00f2a sen c\u1ee7a Ph\u1eadt B\u00e0 Quan \u00c2m).<\/span><\/div>\n<\/div>\n<div class=\"\" data-bfc=\"\" data-ved=\"2ahUKEwiez_W5_pqUAxXag2MGHaqaLBsQi4wTegYIAQgAEBU\" data-copy-service-computed-style=\"font-family: &quot;Google Sans&quot;, Arial, sans-serif; font-size: 16px; font-weight: 400; margin: 0px; text-decoration: none; border-bottom: 0px rgb(230, 232, 240);\">\n<ul class=\"KsbFXc U6u95\" data-sfc-root=\"c\" data-sfc-cb=\"\" data-copy-service-computed-style=\"font-family: &quot;Google Sans&quot;, Arial, sans-serif; font-size: 16px; font-weight: 400; margin: 12px 0px 16px; text-decoration: none; border-bottom: 0px rgb(230, 232, 240);\"><!--TgQPHd|[]--><\/ul>\n<\/div>\n<div class=\"\" data-bfc=\"\" data-ved=\"2ahUKEwiez_W5_pqUAxXag2MGHaqaLBsQi4wTegYIAQgCEAA\" data-copy-service-computed-style=\"font-family: &quot;Google Sans&quot;, Arial, sans-serif; font-size: 16px; font-weight: 400; margin: 0px; text-decoration: none; border-bottom: 0px rgb(230, 232, 240);\">\n<div class=\"n6owBd awi2gc\" data-sfc-cp=\"\" data-sfc-root=\"c\" data-sfc-cb=\"\" data-hveid=\"CAEIAhAB\" data-copy-service-computed-style=\"font-family: &quot;Google Sans&quot;, Arial, sans-serif; font-size: 16px; font-weight: 400; margin: 12px 0px 16px; text-decoration: none; border-bottom: 0px rgb(230, 232, 240);\"><strong>C\u00e1ch ch\u0103m s\u00f3c Sen \u0111\u00e1 Ph\u1eadt B\u00e0:<\/strong><\/div>\n<div class=\"n6owBd awi2gc\" data-sfc-cp=\"\" data-sfc-root=\"c\" data-sfc-cb=\"\" data-hveid=\"CAEIAhAB\" data-copy-service-computed-style=\"font-family: &quot;Google Sans&quot;, Arial, sans-serif; font-size: 16px; font-weight: 400; margin: 12px 0px 16px; text-decoration: none; border-bottom: 0px rgb(230, 232, 240);\">\u00c1nh s\u00e1ng: \u01afa n\u1eafng, c\u1ea7n \u00e1nh s\u00e1ng tr\u1ef1c ti\u1ebfp ho\u1eb7c n\u1eafng nh\u1eb9 (kho\u1ea3ng 4-6 ti\u1ebfng\/ng\u00e0y) \u0111\u1ec3 l\u00e1 kh\u00f4ng b\u1ecb xanh nh\u1ea1t v\u00e0 gi\u1eef \u0111\u01b0\u1ee3c vi\u1ec1n m\u00e0u \u0111\u1ecf.<\/div>\n<div class=\"n6owBd awi2gc\" data-sfc-cp=\"\" data-sfc-root=\"c\" data-sfc-cb=\"\" data-hveid=\"CAEIAhAB\" data-copy-service-computed-style=\"font-family: &quot;Google Sans&quot;, Arial, sans-serif; font-size: 16px; font-weight: 400; margin: 12px 0px 16px; text-decoration: none; border-bottom: 0px rgb(230, 232, 240);\">T\u01b0\u1edbi n\u01b0\u1edbc: Ch\u1ecbu h\u1ea1n t\u1ed1t, ch\u1ec9 t\u01b0\u1edbi 1-2 l\u1ea7n\/tu\u1ea7n. Tr\u00e1nh t\u01b0\u1edbi tr\u1ef1c ti\u1ebfp l\u00ean l\u00e1, t\u01b0\u1edbi v\u00e0o g\u1ed1c khi \u0111\u1ea5t \u0111\u00e3 kh\u00f4 ho\u00e0n to\u00e0n.<\/div>\n<div class=\"n6owBd awi2gc\" data-sfc-cp=\"\" data-sfc-root=\"c\" data-sfc-cb=\"\" data-hveid=\"CAEIAhAB\" data-copy-service-computed-style=\"font-family: &quot;Google Sans&quot;, Arial, sans-serif; font-size: 16px; font-weight: 400; margin: 12px 0px 16px; text-decoration: none; border-bottom: 0px rgb(230, 232, 240);\">\u0110\u1ea5t tr\u1ed3ng: C\u1ea7n \u0111\u1ea5t tho\u00e1ng kh\u00ed, tho\u00e1t n\u01b0\u1edbc t\u1ed1t (tr\u1ed9n \u0111\u1ea5t v\u1edbi \u0111\u00e1 perlite, x\u1ec9 than, ho\u1eb7c \u0111\u00e1 n\u00fai l\u1eeda).<\/div>\n<div class=\"n6owBd awi2gc\" data-sfc-cp=\"\" data-sfc-root=\"c\" data-sfc-cb=\"\" data-hveid=\"CAEIAhAB\" data-copy-service-computed-style=\"font-family: &quot;Google Sans&quot;, Arial, sans-serif; font-size: 16px; font-weight: 400; margin: 12px 0px 16px; text-decoration: none; border-bottom: 0px rgb(230, 232, 240);\">Nh\u00e2n gi\u1ed1ng: D\u1ec5 d\u00e0ng nh\u00e2n gi\u1ed1ng b\u1eb1ng c\u00e1ch t\u00e1ch c\u00e2y con t\u1eeb c\u00e2y m\u1eb9<\/div>\n<\/div>\n","protected":false},"excerpt":{"rendered":"<p>Sen \u0111\u00e1 Ph\u1eadt B\u00e0 l\u00e0 lo\u1ea1i c\u00e2y c\u1ea3nh \u0111\u01b0\u1ee3c r\u1ea5t nhi\u1ec1u ng\u01b0\u1eddi \u01b0a chu\u1ed9ng v\u00ec kh\u00f4ng ch\u1ec9 mang l\u1ea1i v\u1ebb \u0111\u1eb9p t\u01b0\u01a1i m\u00e1t m\u00e0 c\u00f2n ch\u1ee9a \u0111\u1ef1ng nhi\u1ec1u \u00fd ngh\u0129a t\u00edch c\u1ef1c.<\/p>\n","protected":false},"featured_media":37266,"comment_status":"open","ping_status":"closed","template":"","meta":{"content-type":""},"product_brand":[],"product_cat":[237],"product_tag":[242,241,147,240],"class_list":{"0":"post-37262","1":"product","2":"type-product","3":"status-publish","4":"has-post-thumbnail","6":"product_cat-cay-phong-thuy","7":"product_tag-cay-de-ban","8":"product_tag-cay-mini","9":"product_tag-cay-phong-thuy","10":"product_tag-sen-da","12":"first","13":"instock","14":"shipping-taxable","15":"purchasable","16":"product-type-simple"},"_links":{"self":[{"href":"https:\/\/hongvan194.id.vn\/index.php?rest_route=\/wp\/v2\/product\/37262","targetHints":{"allow":["GET"]}}],"collection":[{"href":"https:\/\/hongvan194.id.vn\/index.php?rest_route=\/wp\/v2\/product"}],"about":[{"href":"https:\/\/hongvan194.id.vn\/index.php?rest_route=\/wp\/v2\/types\/product"}],"replies":[{"embeddable":true,"href":"https:\/\/hongvan194.id.vn\/index.php?rest_route=%2Fwp%2Fv2%2Fcomments&post=37262"}],"version-history":[{"count":2,"href":"https:\/\/hongvan194.id.vn\/index.php?rest_route=\/wp\/v2\/product\/37262\/revisions"}],"predecessor-version":[{"id":37268,"href":"https:\/\/hongvan194.id.vn\/index.php?rest_route=\/wp\/v2\/product\/37262\/revisions\/37268"}],"wp:featuredmedia":[{"embeddable":true,"href":"https:\/\/hongvan194.id.vn\/index.php?rest_route=\/wp\/v2\/media\/37266"}],"wp:attachment":[{"href":"https:\/\/hongvan194.id.vn\/index.php?rest_route=%2Fwp%2Fv2%2Fmedia&parent=37262"}],"wp:term":[{"taxonomy":"product_brand","embeddable":true,"href":"https:\/\/hongvan194.id.vn\/index.php?rest_route=%2Fwp%2Fv2%2Fproduct_brand&post=37262"},{"taxonomy":"product_cat","embeddable":true,"href":"https:\/\/hongvan194.id.vn\/index.php?rest_route=%2Fwp%2Fv2%2Fproduct_cat&post=37262"},{"taxonomy":"product_tag","embeddable":true,"href":"https:\/\/hongvan194.id.vn\/index.php?rest_route=%2Fwp%2Fv2%2Fproduct_tag&post=37262"}],"curies":[{"name":"wp","href":"https:\/\/api.w.org\/{rel}","templated":true}]}}