{"id":37256,"date":"2026-05-02T16:05:04","date_gmt":"2026-05-02T16:05:04","guid":{"rendered":"https:\/\/hongvan194.id.vn\/?post_type=product&#038;p=37256"},"modified":"2026-05-02T16:05:04","modified_gmt":"2026-05-02T16:05:04","slug":"cay-van-loc","status":"publish","type":"product","link":"https:\/\/hongvan194.id.vn\/?product=cay-van-loc","title":{"rendered":"C\u00e2y V\u1ea1n L\u1ed9c"},"content":{"rendered":"<div class=\"n6owBd awi2gc\" data-sfc-cp=\"\" data-sfc-root=\"c\" data-sfc-cb=\"\" data-hveid=\"CAEIABAN\" data-copy-service-computed-style=\"font-family: &quot;Google Sans&quot;, Arial, sans-serif; font-size: 16px; font-weight: 400; margin: 12px 0px 16px; text-decoration: none; border-bottom: 0px rgb(230, 232, 240);\">C\u00e2y V\u1ea1n L\u1ed9c (Aglaonema Rotundum &#8216;Red&#8217;) <mark class=\"HxTRcb\" data-sfc-root=\"c\" data-wiz-uids=\"omZjpe_z\" data-sfc-cb=\"\" data-copy-service-computed-style=\"font-family: &quot;Google Sans&quot;, Arial, sans-serif; font-size: 16px; font-weight: 500; margin: 0px; text-decoration: none; border-bottom: 0px rgb(238, 240, 255);\"><!--qkimaf omZjpe_y\/HugV6--><!--cqw1tb omZjpe_y\/HugV6-->l\u00e0 lo\u1ea1i c\u00e2y c\u1ea3nh v\u0103n ph\u00f2ng\/n\u1ed9i th\u1ea5t ph\u1ed5 bi\u1ebfn v\u1edbi l\u00e1 \u0111\u1ecf\/h\u1ed3ng n\u1ed5i b\u1eadt, t\u01b0\u1ee3ng tr\u01b0ng cho t\u00e0i l\u1ed9c, may m\u1eafn v\u00e0 th\u1ecbnh v\u01b0\u1ee3ng<!--TgQPHd|[]--><\/mark>. C\u00e2y \u01b0a b\u00f3ng, d\u1ec5 ch\u0103m s\u00f3c, l\u1ecdc kh\u00f4ng kh\u00ed t\u1ed1t v\u00e0 ph\u00f9 h\u1ee3p m\u1ec7nh H\u1ecfa\/Th\u1ed5.\u00a0<!--TgQPHd|[]--><\/div>\n<div class=\"\" data-bfc=\"\" data-ved=\"2ahUKEwjp-L7y_JqUAxWqwzgGHZLiBWgQi4wTegYIAQgAEBI\" data-copy-service-computed-style=\"font-family: &quot;Google Sans&quot;, Arial, sans-serif; font-size: 16px; font-weight: 400; margin: 0px; text-decoration: none; border-bottom: 0px rgb(230, 232, 240);\">\n<div class=\"n6owBd awi2gc\" data-sfc-cp=\"\" data-sfc-root=\"c\" data-sfc-cb=\"\" data-hveid=\"CAEIABAT\" data-copy-service-computed-style=\"font-family: &quot;Google Sans&quot;, Arial, sans-serif; font-size: 16px; font-weight: 400; margin: 12px 0px 16px; text-decoration: none; border-bottom: 0px rgb(230, 232, 240);\"><strong class=\"Yjhzub\" data-sfc-root=\"c\" data-sfc-cb=\"\" data-copy-service-computed-style=\"font-family: &quot;Google Sans&quot;, Arial, sans-serif; font-size: 16px; font-weight: 600; margin: 0px; text-decoration: none; border-bottom: 0px rgb(230, 232, 240);\">\u0110\u1eb7c \u0111i\u1ec3m v\u00e0 \u00dd ngh\u0129a:<\/strong><\/div>\n<div class=\"n6owBd awi2gc\" data-sfc-cp=\"\" data-sfc-root=\"c\" data-sfc-cb=\"\" data-hveid=\"CAEIABAT\" data-copy-service-computed-style=\"font-family: &quot;Google Sans&quot;, Arial, sans-serif; font-size: 16px; font-weight: 400; margin: 12px 0px 16px; text-decoration: none; border-bottom: 0px rgb(230, 232, 240);\"><strong class=\"Yjhzub\" data-sfc-root=\"c\" data-sfc-cb=\"\" data-copy-service-computed-style=\"font-family: &quot;Google Sans&quot;, Arial, sans-serif; font-size: 16px; font-weight: 600; margin: 0px; text-decoration: none; border-bottom: 0px rgb(230, 232, 240);\">\u0110\u1eb7c \u0111i\u1ec3m:<\/strong> Th\u00e2n th\u1ea3o nh\u1ecf, cao trung b\u00ecnh 25-60cm, l\u00e1 h\u00ecnh b\u1ea7u d\u1ee5c v\u1edbi m\u00e0u \u0111\u1ecf, h\u1ed3ng xen k\u1ebd xanh, vi\u1ec1n l\u00e1 xanh \u0111\u1eadm.<\/div>\n<div class=\"n6owBd awi2gc\" data-sfc-cp=\"\" data-sfc-root=\"c\" data-sfc-cb=\"\" data-hveid=\"CAEIABAT\" data-copy-service-computed-style=\"font-family: &quot;Google Sans&quot;, Arial, sans-serif; font-size: 16px; font-weight: 400; margin: 12px 0px 16px; text-decoration: none; border-bottom: 0px rgb(230, 232, 240);\"><strong class=\"Yjhzub\" data-sfc-root=\"c\" data-sfc-cb=\"\" data-copy-service-computed-style=\"font-family: &quot;Google Sans&quot;, Arial, sans-serif; font-size: 16px; font-weight: 600; margin: 0px; text-decoration: none; border-bottom: 0px rgb(230, 232, 240);\">Phong th\u1ee7y:<\/strong> T\u01b0\u1ee3ng tr\u01b0ng cho s\u1ef1 th\u1ecbnh v\u01b0\u1ee3ng, &#8220;v\u1ea1n l\u1ed9c&#8221; (mu\u00f4n v\u00e0n t\u00e0i l\u1ed9c), mang l\u1ea1i n\u0103ng l\u01b0\u1ee3ng t\u00edch c\u1ef1c.<\/div>\n<div class=\"n6owBd awi2gc\" data-sfc-cp=\"\" data-sfc-root=\"c\" data-sfc-cb=\"\" data-hveid=\"CAEIABAT\" data-copy-service-computed-style=\"font-family: &quot;Google Sans&quot;, Arial, sans-serif; font-size: 16px; font-weight: 400; margin: 12px 0px 16px; text-decoration: none; border-bottom: 0px rgb(230, 232, 240);\"><span class=\"T286Pc\" data-sfc-cp=\"\" data-sfc-root=\"c\" data-sfc-cb=\"\" data-copy-service-computed-style=\"font-family: &quot;Google Sans&quot;, Arial, sans-serif; font-size: 16px; font-weight: 400; margin: 0px; text-decoration: none; border-bottom: 0px rgb(230, 232, 240);\"><strong class=\"Yjhzub\" data-sfc-root=\"c\" data-sfc-cb=\"\" data-copy-service-computed-style=\"font-family: &quot;Google Sans&quot;, Arial, sans-serif; font-size: 16px; font-weight: 600; margin: 0px; text-decoration: none; border-bottom: 0px rgb(230, 232, 240);\">Hoa:<\/strong> Hoa m\u00e0u tr\u1eafng ho\u1eb7c xanh nh\u1ea1t, hi\u1ebfm g\u1eb7p, th\u01b0\u1eddng n\u1edf khi \u0111\u01b0\u1ee3c ch\u0103m s\u00f3c t\u1ed1t, b\u00e1o hi\u1ec7u \u0111i\u1ec1m may.<\/span><\/div>\n<\/div>\n<div class=\"\" data-bfc=\"\" data-ved=\"2ahUKEwjp-L7y_JqUAxWqwzgGHZLiBWgQi4wTegYIAQgAEBU\" data-copy-service-computed-style=\"font-family: &quot;Google Sans&quot;, Arial, sans-serif; font-size: 16px; font-weight: 400; margin: 0px; text-decoration: none; border-bottom: 0px rgb(230, 232, 240);\">\n<ul class=\"KsbFXc U6u95\" data-sfc-root=\"c\" data-sfc-cb=\"\" data-copy-service-computed-style=\"font-family: &quot;Google Sans&quot;, Arial, sans-serif; font-size: 16px; font-weight: 400; margin: 12px 0px 16px; text-decoration: none; border-bottom: 0px rgb(230, 232, 240);\"><!--TgQPHd|[]--><\/ul>\n<\/div>\n<div class=\"\" data-bfc=\"\" data-ved=\"2ahUKEwjp-L7y_JqUAxWqwzgGHZLiBWgQi4wTegYIAQgCEAA\" data-copy-service-computed-style=\"font-family: &quot;Google Sans&quot;, Arial, sans-serif; font-size: 16px; font-weight: 400; margin: 0px; text-decoration: none; border-bottom: 0px rgb(230, 232, 240);\">\n<div class=\"n6owBd awi2gc\" data-sfc-cp=\"\" data-sfc-root=\"c\" data-sfc-cb=\"\" data-hveid=\"CAEIAhAB\" data-copy-service-computed-style=\"font-family: &quot;Google Sans&quot;, Arial, sans-serif; font-size: 16px; font-weight: 400; margin: 12px 0px 16px; text-decoration: none; border-bottom: 0px rgb(230, 232, 240);\"><strong class=\"Yjhzub\" data-sfc-root=\"c\" data-sfc-cb=\"\" data-copy-service-computed-style=\"font-family: &quot;Google Sans&quot;, Arial, sans-serif; font-size: 16px; font-weight: 600; margin: 0px; text-decoration: none; border-bottom: 0px rgb(230, 232, 240);\">C\u00e1ch Ch\u0103m S\u00f3c:<\/strong><\/div>\n<div class=\"n6owBd awi2gc\" data-sfc-cp=\"\" data-sfc-root=\"c\" data-sfc-cb=\"\" data-hveid=\"CAEIAhAB\" data-copy-service-computed-style=\"font-family: &quot;Google Sans&quot;, Arial, sans-serif; font-size: 16px; font-weight: 400; margin: 12px 0px 16px; text-decoration: none; border-bottom: 0px rgb(230, 232, 240);\"><strong class=\"Yjhzub\" data-sfc-root=\"c\" data-sfc-cb=\"\" data-copy-service-computed-style=\"font-family: &quot;Google Sans&quot;, Arial, sans-serif; font-size: 16px; font-weight: 600; margin: 0px; text-decoration: none; border-bottom: 0px rgb(230, 232, 240);\">\u00c1nh s\u00e1ng:<\/strong> \u01afa \u00e1nh s\u00e1ng nh\u1eb9 ho\u1eb7c b\u00f3ng r\u00e2m (nh\u00e0, v\u0103n ph\u00f2ng), tr\u00e1nh n\u1eafng tr\u1ef1c ti\u1ebfp g\u00e2y ch\u00e1y l\u00e1.<\/div>\n<div class=\"n6owBd awi2gc\" data-sfc-cp=\"\" data-sfc-root=\"c\" data-sfc-cb=\"\" data-hveid=\"CAEIAhAB\" data-copy-service-computed-style=\"font-family: &quot;Google Sans&quot;, Arial, sans-serif; font-size: 16px; font-weight: 400; margin: 12px 0px 16px; text-decoration: none; border-bottom: 0px rgb(230, 232, 240);\"><strong class=\"Yjhzub\" data-sfc-root=\"c\" data-sfc-cb=\"\" data-copy-service-computed-style=\"font-family: &quot;Google Sans&quot;, Arial, sans-serif; font-size: 16px; font-weight: 600; margin: 0px; text-decoration: none; border-bottom: 0px rgb(230, 232, 240);\">N\u01b0\u1edbc:<\/strong> Nhu c\u1ea7u n\u01b0\u1edbc trung b\u00ecnh, gi\u1eef \u0111\u1ea5t \u1ea9m nh\u01b0ng kh\u00f4ng \u00fang.<\/div>\n<div class=\"n6owBd awi2gc\" data-sfc-cp=\"\" data-sfc-root=\"c\" data-sfc-cb=\"\" data-hveid=\"CAEIAhAB\" data-copy-service-computed-style=\"font-family: &quot;Google Sans&quot;, Arial, sans-serif; font-size: 16px; font-weight: 400; margin: 12px 0px 16px; text-decoration: none; border-bottom: 0px rgb(230, 232, 240);\"><strong class=\"Yjhzub\" data-sfc-root=\"c\" data-sfc-cb=\"\" data-copy-service-computed-style=\"font-family: &quot;Google Sans&quot;, Arial, sans-serif; font-size: 16px; font-weight: 600; margin: 0px; text-decoration: none; border-bottom: 0px rgb(230, 232, 240);\">\u0110\u1ea5t:<\/strong> Ch\u1ecdn lo\u1ea1i \u0111\u1ea5t t\u01a1i x\u1ed1p, gi\u1eef \u1ea9m t\u1ed1t.<\/div>\n<div class=\"n6owBd awi2gc\" data-sfc-cp=\"\" data-sfc-root=\"c\" data-sfc-cb=\"\" data-hveid=\"CAEIAhAB\" data-copy-service-computed-style=\"font-family: &quot;Google Sans&quot;, Arial, sans-serif; font-size: 16px; font-weight: 400; margin: 12px 0px 16px; text-decoration: none; border-bottom: 0px rgb(230, 232, 240);\"><span class=\"T286Pc\" data-sfc-cp=\"\" data-sfc-root=\"c\" data-sfc-cb=\"\" data-copy-service-computed-style=\"font-family: &quot;Google Sans&quot;, Arial, sans-serif; font-size: 16px; font-weight: 400; margin: 0px; text-decoration: none; border-bottom: 0px rgb(230, 232, 240);\"><strong class=\"Yjhzub\" data-sfc-root=\"c\" data-sfc-cb=\"\" data-copy-service-computed-style=\"font-family: &quot;Google Sans&quot;, Arial, sans-serif; font-size: 16px; font-weight: 600; margin: 0px; text-decoration: none; border-bottom: 0px rgb(230, 232, 240);\">V\u1ecb tr\u00ed:<\/strong> B\u00e0n l\u00e0m vi\u1ec7c, k\u1ec7 s\u00e1ch, qu\u1ea7y l\u1ec5 t\u00e2n.<\/span><\/div>\n<\/div>\n<div class=\"\" data-bfc=\"\" data-ved=\"2ahUKEwjp-L7y_JqUAxWqwzgGHZLiBWgQi4wTegYIAQgCEAs\" data-copy-service-computed-style=\"font-family: &quot;Google Sans&quot;, Arial, sans-serif; font-size: 16px; font-weight: 400; margin: 0px; text-decoration: none; border-bottom: 0px rgb(230, 232, 240);\">\n<div class=\"n6owBd awi2gc\" data-sfc-cp=\"\" data-sfc-root=\"c\" data-sfc-cb=\"\" data-hveid=\"CAEIAhAM\" data-copy-service-computed-style=\"font-family: &quot;Google Sans&quot;, Arial, sans-serif; font-size: 16px; font-weight: 400; margin: 12px 0px 16px; text-decoration: none; border-bottom: 0px rgb(230, 232, 240);\"><strong class=\"Yjhzub\" data-sfc-root=\"c\" data-sfc-cb=\"\" data-copy-service-computed-style=\"font-family: &quot;Google Sans&quot;, Arial, sans-serif; font-size: 16px; font-weight: 600; margin: 0px; text-decoration: none; border-bottom: 0px rgb(230, 232, 240);\">L\u01b0u \u00fd:<!--TgQPHd|[]--><\/strong> C\u00e2y thu\u1ed9c h\u1ecd R\u00e1y, c\u00f3 th\u1ec3 g\u00e2y ng\u1ee9a n\u1ebfu nh\u1ef1a d\u00ednh v\u00e0o da ho\u1eb7c g\u00e2y t\u00ea m\u00f4i n\u1ebfu \u0103n ph\u1ea3i, n\u00ean c\u1ea9n th\u1eadn v\u1edbi tr\u1ebb nh\u1ecf v\u00e0 th\u00fa c\u01b0ng<\/div>\n<\/div>\n","protected":false},"excerpt":{"rendered":"<p>Cao 25-60cm. C\u00e2y v\u1ea1n l\u1ed9c hay c\u00e2y thi\u00ean ph\u00fa c\u00f3 \u00fd ngh\u0129a phong th\u1ee7y mang l\u1ea1i may m\u1eafn v\u00e0 t\u00e0i l\u1ed9c. C\u00e2y ch\u0103m s\u00f3c d\u1ec5 d\u00e0ng n\u00ean \u0111\u01b0\u1ee3c tr\u1ed3ng l\u00e0m c\u1ea3nh trong nh\u00e0 hay t\u1ea1i n\u01a1i l\u00e0m vi\u1ec7c, c\u1eeda h\u00e0ng&#8230;.<\/p>\n","protected":false},"featured_media":37257,"comment_status":"open","ping_status":"closed","template":"","meta":{"content-type":""},"product_brand":[],"product_cat":[237],"product_tag":[239,147,238],"class_list":{"0":"post-37256","1":"product","2":"type-product","3":"status-publish","4":"has-post-thumbnail","6":"product_cat-cay-phong-thuy","7":"product_tag-cay-may-man","8":"product_tag-cay-phong-thuy","9":"product_tag-van-loc","11":"first","12":"instock","13":"shipping-taxable","14":"purchasable","15":"product-type-simple"},"_links":{"self":[{"href":"https:\/\/hongvan194.id.vn\/index.php?rest_route=\/wp\/v2\/product\/37256","targetHints":{"allow":["GET"]}}],"collection":[{"href":"https:\/\/hongvan194.id.vn\/index.php?rest_route=\/wp\/v2\/product"}],"about":[{"href":"https:\/\/hongvan194.id.vn\/index.php?rest_route=\/wp\/v2\/types\/product"}],"replies":[{"embeddable":true,"href":"https:\/\/hongvan194.id.vn\/index.php?rest_route=%2Fwp%2Fv2%2Fcomments&post=37256"}],"version-history":[{"count":1,"href":"https:\/\/hongvan194.id.vn\/index.php?rest_route=\/wp\/v2\/product\/37256\/revisions"}],"predecessor-version":[{"id":37261,"href":"https:\/\/hongvan194.id.vn\/index.php?rest_route=\/wp\/v2\/product\/37256\/revisions\/37261"}],"wp:featuredmedia":[{"embeddable":true,"href":"https:\/\/hongvan194.id.vn\/index.php?rest_route=\/wp\/v2\/media\/37257"}],"wp:attachment":[{"href":"https:\/\/hongvan194.id.vn\/index.php?rest_route=%2Fwp%2Fv2%2Fmedia&parent=37256"}],"wp:term":[{"taxonomy":"product_brand","embeddable":true,"href":"https:\/\/hongvan194.id.vn\/index.php?rest_route=%2Fwp%2Fv2%2Fproduct_brand&post=37256"},{"taxonomy":"product_cat","embeddable":true,"href":"https:\/\/hongvan194.id.vn\/index.php?rest_route=%2Fwp%2Fv2%2Fproduct_cat&post=37256"},{"taxonomy":"product_tag","embeddable":true,"href":"https:\/\/hongvan194.id.vn\/index.php?rest_route=%2Fwp%2Fv2%2Fproduct_tag&post=37256"}],"curies":[{"name":"wp","href":"https:\/\/api.w.org\/{rel}","templated":true}]}}