{"id":37223,"date":"2026-05-02T15:26:45","date_gmt":"2026-05-02T15:26:45","guid":{"rendered":"https:\/\/hongvan194.id.vn\/?post_type=product&#038;p=37223"},"modified":"2026-05-02T15:26:45","modified_gmt":"2026-05-02T15:26:45","slug":"cay-hoa-giay-bonsai","status":"publish","type":"product","link":"https:\/\/hongvan194.id.vn\/?product=cay-hoa-giay-bonsai","title":{"rendered":"C\u00e2y Hoa Gi\u1ea5y Bonsai"},"content":{"rendered":"<div data-sfc-cp=\"\" data-sfc-root=\"c\" data-sfc-cb=\"\" data-hveid=\"CAEQAA\" data-processed=\"true\" data-copy-service-computed-style=\"font-family: &quot;Google Sans&quot;, Arial, sans-serif; font-size: 16px; font-weight: 400; margin: 0px 0px 16px; text-decoration: none; border-bottom: 0px rgb(230, 232, 240);\">Tr\u1ecdng l\u01b0\u1ee3ng: 2kg<\/div>\n<div class=\"n6owBd awi2gc\" data-sfc-cp=\"\" data-sfc-root=\"c\" data-sfc-cb=\"\" data-hveid=\"CAEQAA\" data-processed=\"true\" data-copy-service-computed-style=\"font-family: &quot;Google Sans&quot;, Arial, sans-serif; font-size: 16px; font-weight: 400; margin: 0px 0px 16px; text-decoration: none; border-bottom: 0px rgb(230, 232, 240);\">Hoa gi\u1ea5y bonsai<!--TgQPHd|[]--> (Bougainvillea) <mark class=\"HxTRcb\" data-sfc-root=\"c\" data-wiz-uids=\"dIGNoe_i\" data-sfc-cb=\"\" data-processed=\"true\" data-copy-service-computed-style=\"font-family: &quot;Google Sans&quot;, Arial, sans-serif; font-size: 16px; font-weight: 500; margin: 0px; text-decoration: none; border-bottom: 0px rgb(238, 240, 255);\"><!--qkimaf dIGNoe_h\/HugV6--><!--cqw1tb dIGNoe_h\/HugV6-->l\u00e0 lo\u1ea1i c\u00e2y c\u1ea3nh ngh\u1ec7 thu\u1eadt \u0111\u01b0\u1ee3c t\u1ea1o d\u00e1ng t\u1eeb c\u00e2y b\u00f4ng gi\u1ea5y, \u0111\u1eb7c tr\u01b0ng b\u1edfi th\u00e2n g\u1ed7 kh\u1eb3ng khiu, x\u00f9 x\u00ec nh\u01b0ng d\u1ebbo dai, d\u1ec5 u\u1ed1n n\u1eafn<!--TgQPHd|[]--><\/mark>. C\u00e2y n\u1ed5i b\u1eadt v\u1edbi nh\u1eefng c\u1ee5m l\u00e1 b\u1eafc m\u1ecfng nh\u1eb9 nh\u01b0 gi\u1ea5y bao quanh hoa nh\u1ecf b\u00ean trong, n\u1edf r\u1ef1c r\u1ee1 quanh n\u0103m v\u1edbi nhi\u1ec1u m\u00e0u s\u1eafc nh\u01b0 t\u00edm, \u0111\u1ecf, tr\u1eafng, cam.<\/div>\n<div class=\"n6owBd awi2gc\" data-sfc-cp=\"\" data-sfc-root=\"c\" data-sfc-cb=\"\" data-hveid=\"CAEQAA\" data-processed=\"true\" data-copy-service-computed-style=\"font-family: &quot;Google Sans&quot;, Arial, sans-serif; font-size: 16px; font-weight: 400; margin: 0px 0px 16px; text-decoration: none; border-bottom: 0px rgb(230, 232, 240);\">\u0110\u1eb7c \u0111i\u1ec3m n\u1ed5i b\u1eadt:<\/div>\n<div class=\"n6owBd awi2gc\" data-sfc-cp=\"\" data-sfc-root=\"c\" data-sfc-cb=\"\" data-hveid=\"CAIQAA\" data-processed=\"true\" data-copy-service-computed-style=\"font-family: &quot;Google Sans&quot;, Arial, sans-serif; font-size: 16px; font-weight: 400; margin: 12px 0px 16px; text-decoration: none; border-bottom: 0px rgb(230, 232, 240);\">Th\u00e2n v\u00e0 g\u1ed1c: Th\u00e2n c\u00e2y c\u1ee9ng c\u00e1p, c\u00f3 gai, th\u01b0\u1eddng c\u00f3 d\u00e1ng c\u1ed5 k\u00ednh, x\u00f9 x\u00ec, \u0111\u01b0\u1ee3c u\u1ed1n th\u00e0nh c\u00e1c th\u1ebf bonsai (tr\u1ef1c, xi\u00ean, ho\u00e0nh, huy\u1ec1n).<\/div>\n<div class=\"n6owBd awi2gc\" data-sfc-cp=\"\" data-sfc-root=\"c\" data-sfc-cb=\"\" data-hveid=\"CAIQAA\" data-processed=\"true\" data-copy-service-computed-style=\"font-family: &quot;Google Sans&quot;, Arial, sans-serif; font-size: 16px; font-weight: 400; margin: 12px 0px 16px; text-decoration: none; border-bottom: 0px rgb(230, 232, 240);\">Hoa v\u00e0 L\u00e1: Th\u1ef1c ch\u1ea5t l\u00e0 c\u00e1c l\u00e1 b\u1eafc m\u1ecfng, x\u1ebfp 3 chi\u1ebfc th\u00e0nh m\u1ed9t ch\u00f9m hoa nh\u1ecf m\u00e0u tr\u1eafng ho\u1eb7c v\u00e0ng b\u00ean trong. Hoa gi\u1ea5y M\u1ef9 th\u01b0\u1eddng \u0111\u01b0\u1ee3c \u01b0u chu\u1ed9ng v\u00ec l\u00e1 nh\u1ecf, d\u00e0y hoa v\u00e0 d\u1ec5 u\u1ed1n.<\/div>\n<div class=\"n6owBd awi2gc\" data-sfc-cp=\"\" data-sfc-root=\"c\" data-sfc-cb=\"\" data-hveid=\"CAIQAA\" data-processed=\"true\" data-copy-service-computed-style=\"font-family: &quot;Google Sans&quot;, Arial, sans-serif; font-size: 16px; font-weight: 400; margin: 12px 0px 16px; text-decoration: none; border-bottom: 0px rgb(230, 232, 240);\"><span class=\"T286Pc\" data-sfc-cp=\"\" data-sfc-root=\"c\" data-sfc-cb=\"\" data-processed=\"true\" data-copy-service-computed-style=\"font-family: &quot;Google Sans&quot;, Arial, sans-serif; font-size: 16px; font-weight: 400; margin: 0px; text-decoration: none; border-bottom: 0px rgb(230, 232, 240);\">S\u1ee9c s\u1ed1ng: Ch\u1ecbu h\u1ea1n t\u1ed1t, d\u1ec5 tr\u1ed3ng, s\u1ed1ng kh\u1ecfe, ph\u00f9 h\u1ee3p l\u00e0m c\u00e2y c\u1ea3nh s\u00e2n v\u01b0\u1eddn ho\u1eb7c mini \u0111\u1ec3 b\u00e0n.<\/span><\/div>\n<div class=\"\" data-bfc=\"\" data-ved=\"2ahUKEwjEqrb58ZqUAxVe1TgGHcXdCN8Qi4wTegQIBBAA\" data-processed=\"true\" data-copy-service-computed-style=\"font-family: &quot;Google Sans&quot;, Arial, sans-serif; font-size: 16px; font-weight: 400; margin: 0px; text-decoration: none; border-bottom: 0px rgb(230, 232, 240);\">\n<div class=\"n6owBd awi2gc\" data-sfc-cp=\"\" data-sfc-root=\"c\" data-sfc-cb=\"\" data-hveid=\"CAQQAQ\" data-processed=\"true\" data-copy-service-computed-style=\"font-family: &quot;Google Sans&quot;, Arial, sans-serif; font-size: 16px; font-weight: 400; margin: 12px 0px 16px; text-decoration: none; border-bottom: 0px rgb(230, 232, 240);\">\u00dd ngh\u0129a v\u00e0 \u1ee9ng d\u1ee5ng:<\/div>\n<div class=\"n6owBd awi2gc\" data-sfc-cp=\"\" data-sfc-root=\"c\" data-sfc-cb=\"\" data-hveid=\"CAQQAQ\" data-processed=\"true\" data-copy-service-computed-style=\"font-family: &quot;Google Sans&quot;, Arial, sans-serif; font-size: 16px; font-weight: 400; margin: 12px 0px 16px; text-decoration: none; border-bottom: 0px rgb(230, 232, 240);\">Phong th\u1ee7y: T\u01b0\u1ee3ng tr\u01b0ng cho s\u1ef1 \u0111\u1ee7 \u0111\u1ea7y, h\u1ea1nh ph\u00fac v\u00e0 gi\u00fap xua \u0111u\u1ed5i t\u00e0 ma, ng\u0103n ch\u1eb7n \u0111i\u1ec1m x\u1ea5u.<\/div>\n<div class=\"n6owBd awi2gc\" data-sfc-cp=\"\" data-sfc-root=\"c\" data-sfc-cb=\"\" data-hveid=\"CAQQAQ\" data-processed=\"true\" data-copy-service-computed-style=\"font-family: &quot;Google Sans&quot;, Arial, sans-serif; font-size: 16px; font-weight: 400; margin: 12px 0px 16px; text-decoration: none; border-bottom: 0px rgb(230, 232, 240);\"><span class=\"T286Pc\" data-sfc-cp=\"\" data-sfc-root=\"c\" data-sfc-cb=\"\" data-processed=\"true\" data-copy-service-computed-style=\"font-family: &quot;Google Sans&quot;, Arial, sans-serif; font-size: 16px; font-weight: 400; margin: 0px; text-decoration: none; border-bottom: 0px rgb(230, 232, 240);\">Ngh\u1ec7 thu\u1eadt: \u0110\u01b0\u1ee3c ngh\u1ec7 nh\u00e2n t\u1ea1o h\u00ecnh \u0111\u1ed9c \u0111\u00e1o, gi\u00e1 tr\u1ecb kinh t\u1ebf cao, c\u00f3 th\u1ec3 s\u1ed1ng h\u00e0ng ch\u1ee5c n\u0103m.<\/span><\/div>\n<\/div>\n<div class=\"\" data-bfc=\"\" data-ved=\"2ahUKEwjEqrb58ZqUAxVe1TgGHcXdCN8Qi4wTegQIBhAA\" data-processed=\"true\" data-copy-service-computed-style=\"font-family: &quot;Google Sans&quot;, Arial, sans-serif; font-size: 16px; font-weight: 400; margin: 0px; text-decoration: none; border-bottom: 0px rgb(230, 232, 240);\">\n<div class=\"n6owBd awi2gc\" data-sfc-cp=\"\" data-sfc-root=\"c\" data-sfc-cb=\"\" data-hveid=\"CAYQAQ\" data-processed=\"true\" data-copy-service-computed-style=\"font-family: &quot;Google Sans&quot;, Arial, sans-serif; font-size: 16px; font-weight: 400; margin: 12px 0px 16px; text-decoration: none; border-bottom: 0px rgb(230, 232, 240);\">Hoa gi\u1ea5y bonsai l\u00e0 s\u1ef1 k\u1ebft h\u1ee3p gi\u1eefa n\u00e9t m\u1ed9c m\u1ea1c c\u1ee7a hoa gi\u1ea5y v\u00e0 s\u1ef1 c\u00f4ng phu, t\u1ec9 m\u1ec9 c\u1ee7a ngh\u1ec7 thu\u1eadt t\u1ea1o h\u00ecnh c\u00e2y c\u1ea3nh<\/div>\n<\/div>\n","protected":false},"excerpt":{"rendered":"<p>Hoa gi\u1ea5y bonsai th\u01b0\u1eddng c\u00f3 chi\u1ec1u cao linh ho\u1ea1t, ph\u1ed5 bi\u1ebfn nh\u1ea5t <mark class=\"HxTRcb\" data-sfc-root=\"c\" data-wiz-uids=\"T8tVDb_g\" data-sfc-cb=\"\" data-processed=\"true\" data-copy-service-computed-style=\"font-family: &quot;Google Sans&quot;, Arial, sans-serif; font-size: 16px; font-weight: 500; margin: 0px; text-decoration: none; border-bottom: 0px rgb(238, 240, 255);\"><!--qkimaf T8tVDb_f\/HugV6--><!--cqw1tb T8tVDb_f\/HugV6-->t\u1eeb 50cm \u0111\u1ebfn 1,2m<!--TgQPHd|[]--> \u0111\u1ed1i v\u1edbi c\u00e1c d\u00e1ng ti\u1ec3u c\u1ea3nh, bonsai mini ho\u1eb7c trung<!--TgQPHd|[]--><\/mark>. Chi\u1ec1u cao n\u00e0y gi\u00fap c\u00e2y d\u1ec5 t\u1ea1o ki\u1ec3u, d\u1ec5 tr\u01b0ng b\u00e0y trong nh\u00e0, s\u00e2n v\u01b0\u1eddn ho\u1eb7c ban c\u00f4ng<\/p>\n","protected":false},"featured_media":37226,"comment_status":"open","ping_status":"closed","template":"","meta":{"content-type":""},"product_brand":[],"product_cat":[230],"product_tag":[232,233,231],"class_list":{"0":"post-37223","1":"product","2":"type-product","3":"status-publish","4":"has-post-thumbnail","6":"product_cat-cay-bonsai","7":"product_tag-bonsai","8":"product_tag-cay-trang-tri","9":"product_tag-hoa-giay","11":"first","12":"instock","13":"shipping-taxable","14":"purchasable","15":"product-type-simple"},"_links":{"self":[{"href":"https:\/\/hongvan194.id.vn\/index.php?rest_route=\/wp\/v2\/product\/37223","targetHints":{"allow":["GET"]}}],"collection":[{"href":"https:\/\/hongvan194.id.vn\/index.php?rest_route=\/wp\/v2\/product"}],"about":[{"href":"https:\/\/hongvan194.id.vn\/index.php?rest_route=\/wp\/v2\/types\/product"}],"replies":[{"embeddable":true,"href":"https:\/\/hongvan194.id.vn\/index.php?rest_route=%2Fwp%2Fv2%2Fcomments&post=37223"}],"version-history":[{"count":3,"href":"https:\/\/hongvan194.id.vn\/index.php?rest_route=\/wp\/v2\/product\/37223\/revisions"}],"predecessor-version":[{"id":37249,"href":"https:\/\/hongvan194.id.vn\/index.php?rest_route=\/wp\/v2\/product\/37223\/revisions\/37249"}],"wp:featuredmedia":[{"embeddable":true,"href":"https:\/\/hongvan194.id.vn\/index.php?rest_route=\/wp\/v2\/media\/37226"}],"wp:attachment":[{"href":"https:\/\/hongvan194.id.vn\/index.php?rest_route=%2Fwp%2Fv2%2Fmedia&parent=37223"}],"wp:term":[{"taxonomy":"product_brand","embeddable":true,"href":"https:\/\/hongvan194.id.vn\/index.php?rest_route=%2Fwp%2Fv2%2Fproduct_brand&post=37223"},{"taxonomy":"product_cat","embeddable":true,"href":"https:\/\/hongvan194.id.vn\/index.php?rest_route=%2Fwp%2Fv2%2Fproduct_cat&post=37223"},{"taxonomy":"product_tag","embeddable":true,"href":"https:\/\/hongvan194.id.vn\/index.php?rest_route=%2Fwp%2Fv2%2Fproduct_tag&post=37223"}],"curies":[{"name":"wp","href":"https:\/\/api.w.org\/{rel}","templated":true}]}}