{"id":37109,"date":"2026-05-02T14:16:38","date_gmt":"2026-05-02T14:16:38","guid":{"rendered":"https:\/\/hongvan194.id.vn\/?post_type=product&#038;p=37109"},"modified":"2026-05-02T14:16:38","modified_gmt":"2026-05-02T14:16:38","slug":"cay-thiet-moc-lan","status":"publish","type":"product","link":"https:\/\/hongvan194.id.vn\/?product=cay-thiet-moc-lan","title":{"rendered":"C\u00e2y Thi\u1ebft M\u1ed9c Lan"},"content":{"rendered":"<p>Tr\u1ecdng l\u01b0\u1ee3ng: 2kg<\/p>\n<p><i>C\u00e2y Thi\u1ebft M\u1ed9c Lan l\u00e0 m\u1ed9t lo\u1ea1i c\u00e2y c\u1ea3nh \u0111\u1ed9c \u0111\u00e1o kh\u00f4ng ch\u1ec9 \u0111\u1ec3 trang tr\u00ed v\u00e0 t\u1ea1o \u0111i\u1ec3m nh\u1ea5n cho kh\u00f4ng gian s\u1ed1ng t\u01b0\u01a1i m\u1edbi, trong l\u00e0nh h\u01a1n. Thi\u1ebft M\u1ed9c Lan c\u00f3 nhi\u1ec1u k\u00edch c\u1ee1 v\u00e0 ph\u00f9 h\u1ee3p v\u1edbi nhi\u1ec1u kh\u00f4ng gian, th\u00edch h\u1ee3p l\u00e0m c\u1ea3nh nh\u01b0 \u0111\u1ec3 b\u00e0n t\u1ea1i v\u0103n ph\u00f2ng, \u0111\u1eb7t s\u00e0n, qu\u1ea7y l\u1ec5 t\u00e2n,\u2026<\/i><\/p>\n<div class=\"n6owBd awi2gc\" data-sfc-cp=\"\" data-sfc-root=\"c\" data-sfc-cb=\"\" data-hveid=\"CAIQAA\" data-processed=\"true\" data-copy-service-computed-style=\"font-family: &quot;Google Sans&quot;, Arial, sans-serif; font-size: 16px; font-weight: 400; margin: 12px 0px 16px; text-decoration: none; border-bottom: 0px rgb(230, 232, 240);\">\u00dd ngh\u0129a Phong th\u1ee7y Thi\u1ebft M\u1ed9c Lan<\/div>\n<div class=\"n6owBd awi2gc\" data-sfc-cp=\"\" data-sfc-root=\"c\" data-sfc-cb=\"\" data-hveid=\"CAIQAA\" data-processed=\"true\" data-copy-service-computed-style=\"font-family: &quot;Google Sans&quot;, Arial, sans-serif; font-size: 16px; font-weight: 400; margin: 12px 0px 16px; text-decoration: none; border-bottom: 0px rgb(230, 232, 240);\">May m\u1eafn v\u00e0 T\u00e0i l\u1ed9c: \u0110\u01b0\u1ee3c coi l\u00e0 c\u00e2y ph\u00e1t t\u00e0i, mang l\u1ea1i n\u0103ng l\u01b0\u1ee3ng t\u00edch c\u1ef1c, s\u1ef1 th\u1ecbnh v\u01b0\u1ee3ng v\u00e0 th\u00e0nh c\u00f4ng cho gia ch\u1ee7.<\/div>\n<div class=\"n6owBd awi2gc\" data-sfc-cp=\"\" data-sfc-root=\"c\" data-sfc-cb=\"\" data-hveid=\"CAIQAA\" data-processed=\"true\" data-copy-service-computed-style=\"font-family: &quot;Google Sans&quot;, Arial, sans-serif; font-size: 16px; font-weight: 400; margin: 12px 0px 16px; text-decoration: none; border-bottom: 0px rgb(230, 232, 240);\">\u0110i\u1ec1m b\u00e1o t\u1ed1t: Khi c\u00e2y ra hoa, \u0111\u00f3 l\u00e0 d\u1ea5u hi\u1ec7u may m\u1eafn, t\u00e0i l\u1ed9c s\u1eafp \u0111\u1ebfn.<\/div>\n<div class=\"n6owBd awi2gc\" data-sfc-cp=\"\" data-sfc-root=\"c\" data-sfc-cb=\"\" data-hveid=\"CAIQAA\" data-processed=\"true\" data-copy-service-computed-style=\"font-family: &quot;Google Sans&quot;, Arial, sans-serif; font-size: 16px; font-weight: 400; margin: 12px 0px 16px; text-decoration: none; border-bottom: 0px rgb(230, 232, 240);\">S\u1ed1 l\u01b0\u1ee3ng c\u00e0nh: 2 c\u00e0nh bi\u1ec3u t\u01b0\u1ee3ng cho t\u00ecnh y\u00eau\/h\u1ea1nh ph\u00fac; 3 c\u00e0nh cho s\u1ef1 h\u1ea1nh ph\u00fac; 5 c\u00e0nh cho s\u1ee9c kh\u1ecfe.<\/div>\n<div class=\"n6owBd awi2gc\" data-sfc-cp=\"\" data-sfc-root=\"c\" data-sfc-cb=\"\" data-hveid=\"CAIQAA\" data-processed=\"true\" data-copy-service-computed-style=\"font-family: &quot;Google Sans&quot;, Arial, sans-serif; font-size: 16px; font-weight: 400; margin: 12px 0px 16px; text-decoration: none; border-bottom: 0px rgb(230, 232, 240);\"><span class=\"T286Pc\" data-sfc-cp=\"\" data-sfc-root=\"c\" data-sfc-cb=\"\" data-processed=\"true\" data-copy-service-computed-style=\"font-family: &quot;Google Sans&quot;, Arial, sans-serif; font-size: 16px; font-weight: 400; margin: 0px; text-decoration: none; border-bottom: 0px rgb(230, 232, 240);\">M\u1ec7nh ph\u00f9 h\u1ee3p: \u0110\u1eb7c bi\u1ec7t h\u1ee3p v\u1edbi ng\u01b0\u1eddi m\u1ec7nh M\u1ed9c v\u00e0 H\u1ecfa (nh\u1ef1a \u0111\u1ecf, l\u00e1 xanh), gi\u00fap c\u00e2n b\u1eb1ng n\u0103ng l\u01b0\u1ee3ng.<\/span><\/div>\n<div class=\"\" data-bfc=\"\" data-ved=\"2ahUKEwjH-4Py45qUAxXATWwGHa4mCJYQi4wTegQIBBAA\" data-processed=\"true\" data-copy-service-computed-style=\"font-family: &quot;Google Sans&quot;, Arial, sans-serif; font-size: 16px; font-weight: 400; margin: 0px; text-decoration: none; border-bottom: 0px rgb(230, 232, 240);\">\n<div class=\"n6owBd awi2gc\" data-sfc-cp=\"\" data-sfc-root=\"c\" data-sfc-cb=\"\" data-hveid=\"CAQQAQ\" data-processed=\"true\" data-copy-service-computed-style=\"font-family: &quot;Google Sans&quot;, Arial, sans-serif; font-size: 16px; font-weight: 400; margin: 12px 0px 16px; text-decoration: none; border-bottom: 0px rgb(230, 232, 240);\"><\/div>\n<div class=\"n6owBd awi2gc\" data-sfc-cp=\"\" data-sfc-root=\"c\" data-sfc-cb=\"\" data-hveid=\"CAQQAQ\" data-processed=\"true\" data-copy-service-computed-style=\"font-family: &quot;Google Sans&quot;, Arial, sans-serif; font-size: 16px; font-weight: 400; margin: 12px 0px 16px; text-decoration: none; border-bottom: 0px rgb(230, 232, 240);\">C\u00e1ch Tr\u1ed3ng v\u00e0 Ch\u0103m s\u00f3c<\/div>\n<div class=\"n6owBd awi2gc\" data-sfc-cp=\"\" data-sfc-root=\"c\" data-sfc-cb=\"\" data-hveid=\"CAQQAQ\" data-processed=\"true\" data-copy-service-computed-style=\"font-family: &quot;Google Sans&quot;, Arial, sans-serif; font-size: 16px; font-weight: 400; margin: 12px 0px 16px; text-decoration: none; border-bottom: 0px rgb(230, 232, 240);\">Ph\u01b0\u01a1ng ph\u00e1p tr\u1ed3ng: Th\u01b0\u1eddng d\u00f9ng ph\u01b0\u01a1ng ph\u00e1p gi\u00e2m c\u00e0nh (kh\u00fac th\u00e2n) ho\u1eb7c g\u1ed1c.<\/div>\n<div class=\"n6owBd awi2gc\" data-sfc-cp=\"\" data-sfc-root=\"c\" data-sfc-cb=\"\" data-hveid=\"CAQQAQ\" data-processed=\"true\" data-copy-service-computed-style=\"font-family: &quot;Google Sans&quot;, Arial, sans-serif; font-size: 16px; font-weight: 400; margin: 12px 0px 16px; text-decoration: none; border-bottom: 0px rgb(230, 232, 240);\">\u0110\u1ea5t tr\u1ed3ng: Ch\u1ecdn \u0111\u1ea5t t\u01a1i x\u1ed1p, tho\u00e1t n\u01b0\u1edbc t\u1ed1t (tr\u1ed9n \u0111\u1ea5t v\u1edbi x\u01a1 d\u1eeba, m\u00f9n c\u01b0a).<\/div>\n<div class=\"n6owBd awi2gc\" data-sfc-cp=\"\" data-sfc-root=\"c\" data-sfc-cb=\"\" data-hveid=\"CAQQAQ\" data-processed=\"true\" data-copy-service-computed-style=\"font-family: &quot;Google Sans&quot;, Arial, sans-serif; font-size: 16px; font-weight: 400; margin: 12px 0px 16px; text-decoration: none; border-bottom: 0px rgb(230, 232, 240);\">V\u1ecb tr\u00ed: \u0110\u1eb7t n\u01a1i tho\u00e1ng m\u00e1t, \u00e1nh s\u00e1ng khu\u1ebfch t\u00e1n (tr\u00e1nh n\u1eafng g\u1eaft tr\u1ef1c ti\u1ebfp l\u00e0m ch\u00e1y l\u00e1).<\/div>\n<div class=\"n6owBd awi2gc\" data-sfc-cp=\"\" data-sfc-root=\"c\" data-sfc-cb=\"\" data-hveid=\"CAQQAQ\" data-processed=\"true\" data-copy-service-computed-style=\"font-family: &quot;Google Sans&quot;, Arial, sans-serif; font-size: 16px; font-weight: 400; margin: 12px 0px 16px; text-decoration: none; border-bottom: 0px rgb(230, 232, 240);\">T\u01b0\u1edbi n\u01b0\u1edbc: Ch\u1ecbu h\u1ea1n t\u1ed1t, ch\u1ec9 t\u01b0\u1edbi khi \u0111\u1ea5t m\u1eb7t kh\u00f4, kh\u00f4ng c\u1ea7n qu\u00e1 th\u01b0\u1eddng xuy\u00ean.<\/div>\n<div class=\"n6owBd awi2gc\" data-sfc-cp=\"\" data-sfc-root=\"c\" data-sfc-cb=\"\" data-hveid=\"CAQQAQ\" data-processed=\"true\" data-copy-service-computed-style=\"font-family: &quot;Google Sans&quot;, Arial, sans-serif; font-size: 16px; font-weight: 400; margin: 12px 0px 16px; text-decoration: none; border-bottom: 0px rgb(230, 232, 240);\">Th\u1ee7y sinh: C\u00f3 th\u1ec3 tr\u1ed3ng trong b\u00ecnh n\u01b0\u1edbc, thay n\u01b0\u1edbc \u0111\u1ecbnh k\u1ef3 h\u00e0ng tu\u1ea7n<\/div>\n<\/div>\n","protected":false},"excerpt":{"rendered":"<p>Thi\u1ebft M\u1ed9c Lan cao t\u1eeb 2-30m. C\u00e2y mang \u00fd ngh\u0129a phong th\u1ee7y may m\u1eafn, th\u1ecbnh v\u01b0\u1ee3ng<\/p>\n","protected":false},"featured_media":37150,"comment_status":"open","ping_status":"closed","template":"","meta":{"content-type":""},"product_brand":[],"product_cat":[143],"product_tag":[229,147,146,228],"class_list":{"0":"post-37109","1":"product","2":"type-product","3":"status-publish","4":"has-post-thumbnail","6":"product_cat-cay-van-phong","7":"product_tag-cay-phat-tai","8":"product_tag-cay-phong-thuy","9":"product_tag-cay-van-phong","10":"product_tag-thiet-moc-lan","12":"first","13":"instock","14":"shipping-taxable","15":"purchasable","16":"product-type-simple"},"_links":{"self":[{"href":"https:\/\/hongvan194.id.vn\/index.php?rest_route=\/wp\/v2\/product\/37109","targetHints":{"allow":["GET"]}}],"collection":[{"href":"https:\/\/hongvan194.id.vn\/index.php?rest_route=\/wp\/v2\/product"}],"about":[{"href":"https:\/\/hongvan194.id.vn\/index.php?rest_route=\/wp\/v2\/types\/product"}],"replies":[{"embeddable":true,"href":"https:\/\/hongvan194.id.vn\/index.php?rest_route=%2Fwp%2Fv2%2Fcomments&post=37109"}],"version-history":[{"count":2,"href":"https:\/\/hongvan194.id.vn\/index.php?rest_route=\/wp\/v2\/product\/37109\/revisions"}],"predecessor-version":[{"id":37222,"href":"https:\/\/hongvan194.id.vn\/index.php?rest_route=\/wp\/v2\/product\/37109\/revisions\/37222"}],"wp:featuredmedia":[{"embeddable":true,"href":"https:\/\/hongvan194.id.vn\/index.php?rest_route=\/wp\/v2\/media\/37150"}],"wp:attachment":[{"href":"https:\/\/hongvan194.id.vn\/index.php?rest_route=%2Fwp%2Fv2%2Fmedia&parent=37109"}],"wp:term":[{"taxonomy":"product_brand","embeddable":true,"href":"https:\/\/hongvan194.id.vn\/index.php?rest_route=%2Fwp%2Fv2%2Fproduct_brand&post=37109"},{"taxonomy":"product_cat","embeddable":true,"href":"https:\/\/hongvan194.id.vn\/index.php?rest_route=%2Fwp%2Fv2%2Fproduct_cat&post=37109"},{"taxonomy":"product_tag","embeddable":true,"href":"https:\/\/hongvan194.id.vn\/index.php?rest_route=%2Fwp%2Fv2%2Fproduct_tag&post=37109"}],"curies":[{"name":"wp","href":"https:\/\/api.w.org\/{rel}","templated":true}]}}