{"id":37099,"date":"2026-05-02T14:02:25","date_gmt":"2026-05-02T14:02:25","guid":{"rendered":"https:\/\/hongvan194.id.vn\/?post_type=product&#038;p=37099"},"modified":"2026-05-02T14:02:25","modified_gmt":"2026-05-02T14:02:25","slug":"cay-trau-ba-de-vuong","status":"publish","type":"product","link":"https:\/\/hongvan194.id.vn\/?product=cay-trau-ba-de-vuong","title":{"rendered":"C\u00e2y Tr\u1ea7u B\u00e0 \u0110\u1ebf V\u01b0\u01a1ng"},"content":{"rendered":"<p><span dir=\"auto\" style=\"vertical-align: inherit;\"><span dir=\"auto\" style=\"vertical-align: inherit;\">Tr\u1ecdng l\u01b0\u1ee3ng: 1.8kg<\/span><\/span><\/p>\n<p><span dir=\"auto\" style=\"vertical-align: inherit;\"><span dir=\"auto\" style=\"vertical-align: inherit;\">C\u00e2y Tr\u1ea7u b\u00e0 \u0111\u1ebf v\u01b0\u01a1ng (Philodendron)<\/span><\/span><mark class=\"HxTRcb\" data-sfc-root=\"c\" data-wiz-uids=\"fsTdqc_z\" data-sfc-cb=\"\" data-copy-service-computed-style=\"font-family: &quot;Google Sans&quot;, Arial, sans-serif; font-size: 16px; font-weight: 500; margin: 0px; text-decoration: none; border-bottom: 0px rgb(238, 240, 255);\"><!--qkimaf fsTdqc_y\/HugV6--><!--cqw1tb fsTdqc_y\/HugV6--><span dir=\"auto\" style=\"vertical-align: inherit;\"><span dir=\"auto\" style=\"vertical-align: inherit;\">l\u00e0 c\u00e2y c\u1ea3nh n\u1ed9i th\u1ea5t sang tr\u1ecdng, n\u1ed5i ti\u1ebfng v\u1edbi kh\u1ea3 n\u0103ng thanh l\u1ecdc kh\u00f4ng kh\u00ed v\u00e0 mang l\u1ea1i may m\u1eafn, t\u00e0i l\u1ed9c, quy\u1ec1n l\u1ef1c cho gia ch\u1ee7<\/span><\/span><\/mark><\/p>\n<div class=\"\" data-bfc=\"\" data-ved=\"2ahUKEwixkISQ4ZqUAxWNzjgGHQM7IB4Qi4wTegYIAQgCEAc\" data-copy-service-computed-style=\"font-family: &quot;Google Sans&quot;, Arial, sans-serif; font-size: 16px; font-weight: 400; margin: 0px; text-decoration: none; border-bottom: 0px rgb(230, 232, 240);\">\n<div class=\"n6owBd awi2gc\" data-sfc-cp=\"\" data-sfc-root=\"c\" data-sfc-cb=\"\" data-hveid=\"CAEIAhAI\" data-copy-service-computed-style=\"font-family: &quot;Google Sans&quot;, Arial, sans-serif; font-size: 16px; font-weight: 400; margin: 12px 0px 16px; text-decoration: none; border-bottom: 0px rgb(230, 232, 240);\"><strong class=\"Yjhzub\" data-sfc-root=\"c\" data-sfc-cb=\"\" data-copy-service-computed-style=\"font-family: &quot;Google Sans&quot;, Arial, sans-serif; font-size: 16px; font-weight: 600; margin: 0px; text-decoration: none; border-bottom: 0px rgb(230, 232, 240);\"><span dir=\"auto\" style=\"vertical-align: inherit;\"><span dir=\"auto\" style=\"vertical-align: inherit;\">\u00dd ngh\u0129a phong th\u1ee7y:<\/span><\/span><!--TgQPHd|[]--><\/strong><!--TgQPHd|[]--><\/div>\n<\/div>\n<div class=\"\" data-bfc=\"\" data-ved=\"2ahUKEwixkISQ4ZqUAxWNzjgGHQM7IB4Qi4wTegYIAQgCEAo\" data-copy-service-computed-style=\"font-family: &quot;Google Sans&quot;, Arial, sans-serif; font-size: 16px; font-weight: 400; margin: 0px; text-decoration: none; border-bottom: 0px rgb(230, 232, 240);\">\n<p><span class=\"T286Pc\" data-sfc-cp=\"\" data-sfc-root=\"c\" data-sfc-cb=\"\" data-copy-service-computed-style=\"font-family: &quot;Google Sans&quot;, Arial, sans-serif; font-size: 16px; font-weight: 400; margin: 0px; text-decoration: none; border-bottom: 0px rgb(230, 232, 240);\"><strong class=\"Yjhzub\" data-sfc-root=\"c\" data-sfc-cb=\"\" data-copy-service-computed-style=\"font-family: &quot;Google Sans&quot;, Arial, sans-serif; font-size: 16px; font-weight: 600; margin: 0px; text-decoration: none; border-bottom: 0px rgb(230, 232, 240);\"><span dir=\"auto\" style=\"vertical-align: inherit;\"><span dir=\"auto\" style=\"vertical-align: inherit;\">Quy\u1ec1n l\u1ef1c v\u00e0 th\u1ecbnh v\u01b0\u1ee3ng:<\/span><\/span><!--TgQPHd|[]--><\/strong><span dir=\"auto\" style=\"vertical-align: inherit;\"><span dir=\"auto\" style=\"vertical-align: inherit;\"> T\u00ean &#8220;\u0111\u1ebf v\u01b0\u01a1ng&#8221; th\u1ec3 hi\u1ec7n quy\u1ec1n uy, r\u1ea5t h\u1ee3p l\u00fd cho l\u00e3nh \u0111\u1ea1o, ng\u01b0\u1eddi qu\u1ea3n l\u00fd.<\/span><\/span><\/span><\/p>\n<p><strong class=\"Yjhzub\" data-sfc-root=\"c\" data-sfc-cb=\"\" data-copy-service-computed-style=\"font-family: &quot;Google Sans&quot;, Arial, sans-serif; font-size: 16px; font-weight: 600; margin: 0px; text-decoration: none; border-bottom: 0px rgb(230, 232, 240);\"><span dir=\"auto\" style=\"vertical-align: inherit;\"><span dir=\"auto\" style=\"vertical-align: inherit;\">Thu h\u00fat t\u00e0i l\u1ed9c:<\/span><\/span><\/strong><span dir=\"auto\" style=\"vertical-align: inherit;\"><span dir=\"auto\" style=\"vertical-align: inherit;\"> Gi\u00fap h\u1ea5p t\u00e0i, xua \u0111u\u1ed5i t\u00e0i kh\u00ed, mang l\u1ea1i b\u00ecnh an.<\/span><\/span><\/p>\n<\/div>\n<div class=\"\" data-bfc=\"\" data-ved=\"2ahUKEwixkISQ4ZqUAxWNzjgGHQM7IB4Qi4wTegYIAQgCEBM\" data-copy-service-computed-style=\"font-family: &quot;Google Sans&quot;, Arial, sans-serif; font-size: 16px; font-weight: 400; margin: 0px; text-decoration: none; border-bottom: 0px rgb(230, 232, 240);\">\n<div class=\"n6owBd awi2gc\" data-sfc-cp=\"\" data-sfc-root=\"c\" data-sfc-cb=\"\" data-hveid=\"CAEIAhAU\" data-copy-service-computed-style=\"font-family: &quot;Google Sans&quot;, Arial, sans-serif; font-size: 16px; font-weight: 400; margin: 12px 0px 16px; text-decoration: none; border-bottom: 0px rgb(230, 232, 240);\"><strong class=\"Yjhzub\" data-sfc-root=\"c\" data-sfc-cb=\"\" data-copy-service-computed-style=\"font-family: &quot;Google Sans&quot;, Arial, sans-serif; font-size: 16px; font-weight: 600; margin: 0px; text-decoration: none; border-bottom: 0px rgb(230, 232, 240);\"><span dir=\"auto\" style=\"vertical-align: inherit;\"><span dir=\"auto\" style=\"vertical-align: inherit;\">\u00a0C\u00e1ch ch\u0103m s\u00f3c:<\/span><\/span><\/strong><\/div>\n<div class=\"n6owBd awi2gc\" data-sfc-cp=\"\" data-sfc-root=\"c\" data-sfc-cb=\"\" data-hveid=\"CAEIAhAU\" data-copy-service-computed-style=\"font-family: &quot;Google Sans&quot;, Arial, sans-serif; font-size: 16px; font-weight: 400; margin: 12px 0px 16px; text-decoration: none; border-bottom: 0px rgb(230, 232, 240);\"><strong class=\"Yjhzub\" data-sfc-root=\"c\" data-sfc-cb=\"\" data-copy-service-computed-style=\"font-family: &quot;Google Sans&quot;, Arial, sans-serif; font-size: 16px; font-weight: 600; margin: 0px; text-decoration: none; border-bottom: 0px rgb(230, 232, 240);\"><span dir=\"auto\" style=\"vertical-align: inherit;\"><span dir=\"auto\" style=\"vertical-align: inherit;\">\u00c1nh s\u00e1ng:<\/span><\/span><\/strong><span dir=\"auto\" style=\"vertical-align: inherit;\"><span dir=\"auto\" style=\"vertical-align: inherit;\"> \u01afa nh\u1eb9 nh\u1eb9 ho\u1eb7c b\u00e1n kem, tr\u00e1nh \u00e1nh n\u1eafng tr\u1ef1c ti\u1ebfp gay g\u1eaft.<\/span><\/span><\/div>\n<div class=\"n6owBd awi2gc\" data-sfc-cp=\"\" data-sfc-root=\"c\" data-sfc-cb=\"\" data-hveid=\"CAEIAhAU\" data-copy-service-computed-style=\"font-family: &quot;Google Sans&quot;, Arial, sans-serif; font-size: 16px; font-weight: 400; margin: 12px 0px 16px; text-decoration: none; border-bottom: 0px rgb(230, 232, 240);\"><strong class=\"Yjhzub\" data-sfc-root=\"c\" data-sfc-cb=\"\" data-copy-service-computed-style=\"font-family: &quot;Google Sans&quot;, Arial, sans-serif; font-size: 16px; font-weight: 600; margin: 0px; text-decoration: none; border-bottom: 0px rgb(230, 232, 240);\"><span dir=\"auto\" style=\"vertical-align: inherit;\"><span dir=\"auto\" style=\"vertical-align: inherit;\">N\u01b0\u1edbc:<\/span><\/span><\/strong><span dir=\"auto\" style=\"vertical-align: inherit;\"><span dir=\"auto\" style=\"vertical-align: inherit;\"> Nhu c\u1ea7u n\u01b0\u1edbc cao. \u0110\u1ea5t tr\u1ed3ng c\u1ea7n d\u01b0\u1ee1ng \u1ea9m nh\u01b0ng kh\u00f4ng c\u00f3. Tu\u1ea7n 2-3 l\u1ea7n\/tu\u1ea7n.<\/span><\/span><\/div>\n<div class=\"n6owBd awi2gc\" data-sfc-cp=\"\" data-sfc-root=\"c\" data-sfc-cb=\"\" data-hveid=\"CAEIAhAU\" data-copy-service-computed-style=\"font-family: &quot;Google Sans&quot;, Arial, sans-serif; font-size: 16px; font-weight: 400; margin: 12px 0px 16px; text-decoration: none; border-bottom: 0px rgb(230, 232, 240);\"><strong class=\"Yjhzub\" data-sfc-root=\"c\" data-sfc-cb=\"\" data-copy-service-computed-style=\"font-family: &quot;Google Sans&quot;, Arial, sans-serif; font-size: 16px; font-weight: 600; margin: 0px; text-decoration: none; border-bottom: 0px rgb(230, 232, 240);\"><span dir=\"auto\" style=\"vertical-align: inherit;\"><span dir=\"auto\" style=\"vertical-align: inherit;\">\u0110\u1ea5t:<\/span><\/span><\/strong><span dir=\"auto\" style=\"vertical-align: inherit;\"><span dir=\"auto\" style=\"vertical-align: inherit;\"> Ch\u1ecdn lo\u1ea1i \u0111\u1ea5t t\u01a1i nh\u1eb9, tho\u00e1t n\u01b0\u1edbc t\u1ed1t (nh\u01b0 v\u00e1n h\u1ee3p x\u01a1 d\u1eeba, tro tr\u1ea5u, ph\u00e2n h\u1eefu c\u01a1).<\/span><\/span><\/div>\n<div class=\"n6owBd awi2gc\" data-sfc-cp=\"\" data-sfc-root=\"c\" data-sfc-cb=\"\" data-hveid=\"CAEIAhAU\" data-copy-service-computed-style=\"font-family: &quot;Google Sans&quot;, Arial, sans-serif; font-size: 16px; font-weight: 400; margin: 12px 0px 16px; text-decoration: none; border-bottom: 0px rgb(230, 232, 240);\"><strong class=\"Yjhzub\" data-sfc-root=\"c\" data-sfc-cb=\"\" data-copy-service-computed-style=\"font-family: &quot;Google Sans&quot;, Arial, sans-serif; font-size: 16px; font-weight: 600; margin: 0px; text-decoration: none; border-bottom: 0px rgb(230, 232, 240);\"><span dir=\"auto\" style=\"vertical-align: inherit;\"><span dir=\"auto\" style=\"vertical-align: inherit;\">Nhi\u1ec7t \u0111\u1ed9:<\/span><\/span><\/strong><span dir=\"auto\" style=\"vertical-align: inherit;\"><span dir=\"auto\" style=\"vertical-align: inherit;\"> Ph\u00e1t tri\u1ec3n t\u1ed1t \u1edf m\u00f4i tr\u01b0\u1eddng m\u00e1t m\u1ebb, nhi\u1ec7t \u0111\u1ed9 ph\u00f2ng.<\/span><\/span><\/div>\n<div class=\"n6owBd awi2gc\" data-sfc-cp=\"\" data-sfc-root=\"c\" data-sfc-cb=\"\" data-hveid=\"CAEIAhAU\" data-copy-service-computed-style=\"font-family: &quot;Google Sans&quot;, Arial, sans-serif; font-size: 16px; font-weight: 400; margin: 12px 0px 16px; text-decoration: none; border-bottom: 0px rgb(230, 232, 240);\"><span class=\"T286Pc\" data-sfc-cp=\"\" data-sfc-root=\"c\" data-sfc-cb=\"\" data-copy-service-computed-style=\"font-family: &quot;Google Sans&quot;, Arial, sans-serif; font-size: 16px; font-weight: 400; margin: 0px; text-decoration: none; border-bottom: 0px rgb(230, 232, 240);\"><strong class=\"Yjhzub\" data-sfc-root=\"c\" data-sfc-cb=\"\" data-copy-service-computed-style=\"font-family: &quot;Google Sans&quot;, Arial, sans-serif; font-size: 16px; font-weight: 600; margin: 0px; text-decoration: none; border-bottom: 0px rgb(230, 232, 240);\"><span dir=\"auto\" style=\"vertical-align: inherit;\"><span dir=\"auto\" style=\"vertical-align: inherit;\">V\u1ec7 sinh:<\/span><\/span><\/strong><span dir=\"auto\" style=\"vertical-align: inherit;\"><span dir=\"auto\" style=\"vertical-align: inherit;\"> Lau l\u00e1 th\u01b0\u1eddng xuy\u00ean \u0111\u1ec3 c\u00e2y quang h\u1ee3p t\u1ed1t v\u00e0 \u0111\u1eb9p h\u01a1n.<\/span><\/span><\/span><\/div>\n<\/div>\n<div class=\"\" data-bfc=\"\" data-ved=\"2ahUKEwixkISQ4ZqUAxWNzjgGHQM7IB4Qi4wTegYIAQgCEB8\" data-copy-service-computed-style=\"font-family: &quot;Google Sans&quot;, Arial, sans-serif; font-size: 16px; font-weight: 400; margin: 0px; text-decoration: none; border-bottom: 0px rgb(230, 232, 240);\">\n<div class=\"n6owBd awi2gc\" data-sfc-cp=\"\" data-sfc-root=\"c\" data-sfc-cb=\"\" data-hveid=\"CAEIAhAg\" data-copy-service-computed-style=\"font-family: &quot;Google Sans&quot;, Arial, sans-serif; font-size: 16px; font-weight: 400; margin: 12px 0px 16px; text-decoration: none; border-bottom: 0px rgb(230, 232, 240);\"><strong class=\"Yjhzub\" data-sfc-root=\"c\" data-sfc-cb=\"\" data-copy-service-computed-style=\"font-family: &quot;Google Sans&quot;, Arial, sans-serif; font-size: 16px; font-weight: 600; margin: 0px; text-decoration: none; border-bottom: 0px rgb(230, 232, 240);\"><span dir=\"auto\" style=\"vertical-align: inherit;\"><span dir=\"auto\" style=\"vertical-align: inherit;\">L\u01b0u \u00fd:<\/span><\/span><!--TgQPHd|[]--><\/strong><span dir=\"auto\" style=\"vertical-align: inherit;\"><span dir=\"auto\" style=\"vertical-align: inherit;\"> Nh\u1ef1a c\u00e2y ch\u1ee9a ch\u1ea5t g\u00e2y k\u00edch \u1ee9ng da v\u00e0 mi\u1ec7ng phun ph\u1ea3i, kh\u00f4ng n\u00ean \u0111\u1eb7t \u1edf n\u01a1i tr\u1ebb nh\u1ecf hay \u0111\u00f9a ngh\u1ecbch<\/span><\/span><\/div>\n<\/div>\n","protected":false},"excerpt":{"rendered":"<p><span dir=\"auto\" style=\"vertical-align: inherit;\"><span dir=\"auto\" style=\"vertical-align: inherit;\">L\u00e0 lo\u1ea1i c\u00e2y n\u1ed9i th\u1ea5t sang tr\u1ecdng, th\u00e2n c\u00e2y, b\u1ee5i l\u1edbn, th\u01b0\u1eddng c\u00f3 chi\u1ec1u cao ph\u1ed5 bi\u1ebfn t\u1eeb<\/span><\/span><mark class=\"HxTRcb\" data-sfc-root=\"c\" data-wiz-uids=\"GBxOm_i\" data-sfc-cb=\"\" data-processed=\"true\" data-copy-service-computed-style=\"font-family: &quot;Google Sans&quot;, Arial, sans-serif; font-size: 16px; font-weight: 500; margin: 0px; text-decoration: none; border-bottom: 0px rgb(238, 240, 255);\"><!--qkimaf GBxOm_h\/HugV6--><!--cqw1tb GBxOm_h\/HugV6--><span dir=\"auto\" style=\"vertical-align: inherit;\"><span dir=\"auto\" style=\"vertical-align: inherit;\">0,5m \u2013 1,5m<\/span><\/span><!--TgQPHd|[]--><\/mark><span dir=\"auto\" style=\"vertical-align: inherit;\"><span dir=\"auto\" style=\"vertical-align: inherit;\">khi tr\u1ed3ng trong ch\u1eadu. C\u00e2y n\u1ed5i v\u1edbi l\u00e1 l\u1edbn, b\u00f3ng, m\u00e0u s\u1eafc \u0111a d\u1ea1ng (\u0111\u1ecf, xanh, v\u00e0ng), c\u00f3 kh\u1ea3 n\u0103ng h\u1ea5p th\u1ee5 kh\u00ed \u0111\u1ed9c t\u1ed1t v\u00e0 mang \u00fd ngh\u0129a phong th\u1ee7y th\u1ecbnh v\u01b0\u1ee3ng<\/span><\/span><\/p>\n","protected":false},"featured_media":37100,"comment_status":"open","ping_status":"closed","template":"","meta":{"content-type":""},"product_brand":[],"product_cat":[143],"product_tag":[147,152,151],"class_list":{"0":"post-37099","1":"product","2":"type-product","3":"status-publish","4":"has-post-thumbnail","6":"product_cat-cay-van-phong","7":"product_tag-cay-phong-thuy","8":"product_tag-cay-van-phong-cao-cap","9":"product_tag-trau-ba-de-vuong","11":"first","12":"instock","13":"shipping-taxable","14":"purchasable","15":"product-type-simple"},"_links":{"self":[{"href":"https:\/\/hongvan194.id.vn\/index.php?rest_route=\/wp\/v2\/product\/37099","targetHints":{"allow":["GET"]}}],"collection":[{"href":"https:\/\/hongvan194.id.vn\/index.php?rest_route=\/wp\/v2\/product"}],"about":[{"href":"https:\/\/hongvan194.id.vn\/index.php?rest_route=\/wp\/v2\/types\/product"}],"replies":[{"embeddable":true,"href":"https:\/\/hongvan194.id.vn\/index.php?rest_route=%2Fwp%2Fv2%2Fcomments&post=37099"}],"version-history":[{"count":2,"href":"https:\/\/hongvan194.id.vn\/index.php?rest_route=\/wp\/v2\/product\/37099\/revisions"}],"predecessor-version":[{"id":37108,"href":"https:\/\/hongvan194.id.vn\/index.php?rest_route=\/wp\/v2\/product\/37099\/revisions\/37108"}],"wp:featuredmedia":[{"embeddable":true,"href":"https:\/\/hongvan194.id.vn\/index.php?rest_route=\/wp\/v2\/media\/37100"}],"wp:attachment":[{"href":"https:\/\/hongvan194.id.vn\/index.php?rest_route=%2Fwp%2Fv2%2Fmedia&parent=37099"}],"wp:term":[{"taxonomy":"product_brand","embeddable":true,"href":"https:\/\/hongvan194.id.vn\/index.php?rest_route=%2Fwp%2Fv2%2Fproduct_brand&post=37099"},{"taxonomy":"product_cat","embeddable":true,"href":"https:\/\/hongvan194.id.vn\/index.php?rest_route=%2Fwp%2Fv2%2Fproduct_cat&post=37099"},{"taxonomy":"product_tag","embeddable":true,"href":"https:\/\/hongvan194.id.vn\/index.php?rest_route=%2Fwp%2Fv2%2Fproduct_tag&post=37099"}],"curies":[{"name":"wp","href":"https:\/\/api.w.org\/{rel}","templated":true}]}}