{"id":37089,"date":"2026-05-02T13:38:02","date_gmt":"2026-05-02T13:38:02","guid":{"rendered":"https:\/\/hongvan194.id.vn\/?post_type=product&#038;p=37089"},"modified":"2026-05-02T13:38:02","modified_gmt":"2026-05-02T13:38:02","slug":"cay-lan-y","status":"publish","type":"product","link":"https:\/\/hongvan194.id.vn\/?product=cay-lan-y","title":{"rendered":"C\u00e2y Lan \u00dd"},"content":{"rendered":"<p>Tr\u1ecdng l\u01b0\u1ee3ng: 1.2kg<\/p>\n<p data-start=\"1823\" data-end=\"1909\">Lan \u00dd l\u00e0 l\u1ef1a ch\u1ecdn ho\u00e0n h\u1ea3o cho nh\u1eefng ai mu\u1ed1n kh\u00f4ng gian nh\u1eb9 nh\u00e0ng, tinh t\u1ebf v\u00e0 s\u1ea1ch s\u1ebd.<\/p>\n<h2 data-start=\"1911\" data-end=\"1923\" data-section-id=\"t4xb6h\">\u00a0\u00dd ngh\u0129a<\/h2>\n<p>Mang l\u1ea1i s\u1ef1 b\u00ecnh an<\/p>\n<p>C\u00e2n b\u1eb1ng n\u0103ng l\u01b0\u1ee3ng<\/p>\n<p>T\u01b0\u1ee3ng tr\u01b0ng cho s\u1ef1 thanh khi\u1ebft<\/p>\n<h2 data-start=\"2008\" data-end=\"2022\" data-section-id=\"1l4ftas\">\u0110\u1eb7c \u0111i\u1ec3m<\/h2>\n<p>Hoa tr\u1eafng tinh kh\u00f4i<\/p>\n<p>L\u00e1 xanh m\u1ec1m m\u1ea1i<\/p>\n<p>C\u00f3 kh\u1ea3 n\u0103ng l\u1ecdc kh\u00f4ng kh\u00ed<\/p>\n<h2 data-start=\"2098\" data-end=\"2112\" data-section-id=\"177ng9\">\u00a0Ch\u0103m s\u00f3c<\/h2>\n<p>\u00c1nh s\u00e1ng nh\u1eb9, kh\u00f4ng c\u1ea7n n\u1eafng tr\u1ef1c ti\u1ebfp<\/p>\n<p>T\u01b0\u1edbi 2\u20133 l\u1ea7n\/tu\u1ea7n<\/p>\n<p>Gi\u1eef \u0111\u1ea5t \u1ea9m v\u1eeba ph\u1ea3i<\/p>\n<p>Phun s\u01b0\u01a1ng gi\u00fap c\u00e2y t\u01b0\u01a1i l\u00e2u<\/p>\n","protected":false},"excerpt":{"rendered":"<p>Cao kho\u1ea3n 30-100cm. Lan \u00dd t\u01b0\u1ee3ng tr\u01b0ng cho s\u1ef1 thanh khi\u1ebft, b\u00ecnh an v\u00e0 h\u00f2a h\u1ee3p. C\u00e2y c\u00f2n gi\u00fap c\u00e2n b\u1eb1ng n\u0103ng l\u01b0\u1ee3ng trong kh\u00f4ng gian s\u1ed1ng. Ph\u00f9 h\u1ee3p cho v\u0103n ph\u00f2ng v\u00e0 kh\u00f4ng gian ri\u00eang t\u01b0.<\/p>\n","protected":false},"featured_media":37095,"comment_status":"open","ping_status":"closed","template":"","meta":{"content-type":""},"product_brand":[],"product_cat":[143],"product_tag":[149,150,147,146,148],"class_list":{"0":"post-37089","1":"product","2":"type-product","3":"status-publish","4":"has-post-thumbnail","6":"product_cat-cay-van-phong","7":"product_tag-cay-loc-khong-khi","8":"product_tag-cay-noi-that","9":"product_tag-cay-phong-thuy","10":"product_tag-cay-van-phong","11":"product_tag-lan-y","13":"first","14":"instock","15":"sale","16":"shipping-taxable","17":"purchasable","18":"product-type-simple"},"_links":{"self":[{"href":"https:\/\/hongvan194.id.vn\/index.php?rest_route=\/wp\/v2\/product\/37089","targetHints":{"allow":["GET"]}}],"collection":[{"href":"https:\/\/hongvan194.id.vn\/index.php?rest_route=\/wp\/v2\/product"}],"about":[{"href":"https:\/\/hongvan194.id.vn\/index.php?rest_route=\/wp\/v2\/types\/product"}],"replies":[{"embeddable":true,"href":"https:\/\/hongvan194.id.vn\/index.php?rest_route=%2Fwp%2Fv2%2Fcomments&post=37089"}],"version-history":[{"count":1,"href":"https:\/\/hongvan194.id.vn\/index.php?rest_route=\/wp\/v2\/product\/37089\/revisions"}],"predecessor-version":[{"id":37094,"href":"https:\/\/hongvan194.id.vn\/index.php?rest_route=\/wp\/v2\/product\/37089\/revisions\/37094"}],"wp:featuredmedia":[{"embeddable":true,"href":"https:\/\/hongvan194.id.vn\/index.php?rest_route=\/wp\/v2\/media\/37095"}],"wp:attachment":[{"href":"https:\/\/hongvan194.id.vn\/index.php?rest_route=%2Fwp%2Fv2%2Fmedia&parent=37089"}],"wp:term":[{"taxonomy":"product_brand","embeddable":true,"href":"https:\/\/hongvan194.id.vn\/index.php?rest_route=%2Fwp%2Fv2%2Fproduct_brand&post=37089"},{"taxonomy":"product_cat","embeddable":true,"href":"https:\/\/hongvan194.id.vn\/index.php?rest_route=%2Fwp%2Fv2%2Fproduct_cat&post=37089"},{"taxonomy":"product_tag","embeddable":true,"href":"https:\/\/hongvan194.id.vn\/index.php?rest_route=%2Fwp%2Fv2%2Fproduct_tag&post=37089"}],"curies":[{"name":"wp","href":"https:\/\/api.w.org\/{rel}","templated":true}]}}